{"id":14318,"date":"2023-10-03T12:09:09","date_gmt":"2023-10-03T10:09:09","guid":{"rendered":"https:\/\/syntony-gnss.com\/nos-certifications"},"modified":"2025-09-23T11:09:49","modified_gmt":"2025-09-23T09:09:49","slug":"nos-certifications","status":"publish","type":"page","link":"https:\/\/syntony-gnss.com\/fr\/nos-certifications","title":{"rendered":"Nos certifications"},"content":{"rendered":"\t\t<div data-elementor-type=\"wp-page\" data-elementor-id=\"14318\" class=\"elementor elementor-14318 elementor-14294\" data-elementor-post-type=\"page\">\n\t\t\t\t<div class=\"elementor-element elementor-element-7d638b4 e-flex e-con-boxed e-con e-parent\" data-id=\"7d638b4\" data-element_type=\"container\" data-e-type=\"container\" data-settings=\"{&quot;jet_parallax_layout_list&quot;:[]}\">\n\t\t\t\t\t<div class=\"e-con-inner\">\n\t\t\t\t<div class=\"elementor-element elementor-element-1250ca1 elementor-widget elementor-widget-text-editor\" data-id=\"1250ca1\" data-element_type=\"widget\" data-e-type=\"widget\" data-widget_type=\"text-editor.default\">\n\t\t\t\t\t\t\t\t\t<h1 style=\"text-align: center;\"><strong><span style=\"color: #201a3e;\">NOS CERTIFICATIONS<\/span><\/strong><\/h1><p> <\/p><p>Conform\u00e9ment \u00e0 la r\u00e9glementation, les produits Syntony sont certifi\u00e9s en ce qui concerne les \u00e9missions RF et les normes \u00e9lectriques.<\/p><p>Syntony a \u00e9galement mis en place et maintient un syst\u00e8me de gestion de la qualit\u00e9 conforme \u00e0 la norme ISO 9001:2015.  <\/p>\t\t\t\t\t\t\t\t<\/div>\n\t\t\t\t\t<\/div>\n\t\t\t\t<\/div>\n\t\t<div class=\"elementor-element elementor-element-a78c4a7 e-flex e-con-boxed e-con e-parent\" data-id=\"a78c4a7\" data-element_type=\"container\" data-e-type=\"container\" data-settings=\"{&quot;jet_parallax_layout_list&quot;:[]}\">\n\t\t\t\t\t<div class=\"e-con-inner\">\n\t\t<div class=\"elementor-element elementor-element-6efcfc1 e-con-full e-flex e-con e-child\" data-id=\"6efcfc1\" data-element_type=\"container\" data-e-type=\"container\" data-settings=\"{&quot;jet_parallax_layout_list&quot;:[]}\">\n\t\t\t\t<div class=\"elementor-element elementor-element-7e1ff73 elementor-widget__width-initial elementor-widget elementor-widget-image\" data-id=\"7e1ff73\" data-element_type=\"widget\" data-e-type=\"widget\" data-widget_type=\"image.default\">\n\t\t\t\t\t\t\t\t\t\t\t\t\t\t\t<img fetchpriority=\"high\" decoding=\"async\" width=\"800\" height=\"571\" src=\"https:\/\/syntony-gnss.com\/wp-content\/uploads\/2023\/10\/CE_1200px-Conformite_Eur-1024x731.png\" class=\"attachment-large size-large wp-image-14299\" alt=\"\" srcset=\"https:\/\/syntony-gnss.com\/wp-content\/uploads\/2023\/10\/CE_1200px-Conformite_Eur-1024x731.png 1024w, https:\/\/syntony-gnss.com\/wp-content\/uploads\/2023\/10\/CE_1200px-Conformite_Eur-300x214.png 300w, https:\/\/syntony-gnss.com\/wp-content\/uploads\/2023\/10\/CE_1200px-Conformite_Eur-768x548.png 768w, https:\/\/syntony-gnss.com\/wp-content\/uploads\/2023\/10\/CE_1200px-Conformite_Eur.png 1200w\" sizes=\"(max-width: 800px) 100vw, 800px\" \/>\t\t\t\t\t\t\t\t\t\t\t\t\t\t\t<\/div>\n\t\t\t\t<\/div>\n\t\t<div class=\"elementor-element elementor-element-75e66be e-con-full e-flex e-con e-child\" data-id=\"75e66be\" data-element_type=\"container\" data-e-type=\"container\" data-settings=\"{&quot;jet_parallax_layout_list&quot;:[]}\">\n\t\t\t\t<div class=\"elementor-element elementor-element-2e54c5d elementor-widget__width-initial elementor-widget elementor-widget-image\" data-id=\"2e54c5d\" data-element_type=\"widget\" data-e-type=\"widget\" data-widget_type=\"image.default\">\n\t\t\t\t\t\t\t\t\t\t\t\t\t\t\t<img decoding=\"async\" width=\"152\" height=\"152\" src=\"https:\/\/syntony-gnss.com\/wp-content\/uploads\/2023\/10\/Logo_UL_Mark.jpg\" class=\"attachment-large size-large wp-image-14301\" alt=\"\" srcset=\"https:\/\/syntony-gnss.com\/wp-content\/uploads\/2023\/10\/Logo_UL_Mark.jpg 152w, https:\/\/syntony-gnss.com\/wp-content\/uploads\/2023\/10\/Logo_UL_Mark-150x150.jpg 150w\" sizes=\"(max-width: 152px) 100vw, 152px\" \/>\t\t\t\t\t\t\t\t\t\t\t\t\t\t\t<\/div>\n\t\t\t\t<\/div>\n\t\t<div class=\"elementor-element elementor-element-eb711ee e-con-full e-flex e-con e-child\" data-id=\"eb711ee\" data-element_type=\"container\" data-e-type=\"container\" data-settings=\"{&quot;jet_parallax_layout_list&quot;:[]}\">\n\t\t\t\t<div class=\"elementor-element elementor-element-6b8e44f elementor-widget__width-initial elementor-widget elementor-widget-image\" data-id=\"6b8e44f\" data-element_type=\"widget\" data-e-type=\"widget\" data-widget_type=\"image.default\">\n\t\t\t\t\t\t\t\t\t\t\t\t\t\t\t<img decoding=\"async\" width=\"500\" height=\"420\" src=\"https:\/\/syntony-gnss.com\/wp-content\/uploads\/2023\/10\/Logo_FCC.jpg\" class=\"attachment-large size-large wp-image-14303\" alt=\"\" srcset=\"https:\/\/syntony-gnss.com\/wp-content\/uploads\/2023\/10\/Logo_FCC.jpg 500w, https:\/\/syntony-gnss.com\/wp-content\/uploads\/2023\/10\/Logo_FCC-300x252.jpg 300w\" sizes=\"(max-width: 500px) 100vw, 500px\" \/>\t\t\t\t\t\t\t\t\t\t\t\t\t\t\t<\/div>\n\t\t\t\t<\/div>\n\t\t<div class=\"elementor-element elementor-element-e076019 e-con-full e-flex e-con e-child\" data-id=\"e076019\" data-element_type=\"container\" data-e-type=\"container\" data-settings=\"{&quot;jet_parallax_layout_list&quot;:[]}\">\n\t\t\t\t<div class=\"elementor-element elementor-element-26ee223 elementor-widget__width-initial elementor-widget elementor-widget-image\" data-id=\"26ee223\" data-element_type=\"widget\" data-e-type=\"widget\" data-widget_type=\"image.default\">\n\t\t\t\t\t\t\t\t\t\t\t\t\t\t\t<img loading=\"lazy\" decoding=\"async\" width=\"400\" height=\"400\" src=\"https:\/\/syntony-gnss.com\/wp-content\/uploads\/2023\/10\/Logo_International_Electrotechnical_Commission.jpg\" class=\"attachment-large size-large wp-image-14305\" alt=\"\" srcset=\"https:\/\/syntony-gnss.com\/wp-content\/uploads\/2023\/10\/Logo_International_Electrotechnical_Commission.jpg 400w, https:\/\/syntony-gnss.com\/wp-content\/uploads\/2023\/10\/Logo_International_Electrotechnical_Commission-300x300.jpg 300w, https:\/\/syntony-gnss.com\/wp-content\/uploads\/2023\/10\/Logo_International_Electrotechnical_Commission-150x150.jpg 150w\" sizes=\"(max-width: 400px) 100vw, 400px\" \/>\t\t\t\t\t\t\t\t\t\t\t\t\t\t\t<\/div>\n\t\t\t\t<\/div>\n\t\t\t\t\t<\/div>\n\t\t\t\t<\/div>\n\t\t<div class=\"elementor-element elementor-element-47939e7 e-flex e-con-boxed e-con e-parent\" data-id=\"47939e7\" data-element_type=\"container\" data-e-type=\"container\" data-settings=\"{&quot;jet_parallax_layout_list&quot;:[]}\">\n\t\t\t\t\t<div class=\"e-con-inner\">\n\t\t\t\t<div class=\"elementor-element elementor-element-6976ce5 elementor-widget__width-initial elementor-widget elementor-widget-image\" data-id=\"6976ce5\" data-element_type=\"widget\" data-e-type=\"widget\" data-widget_type=\"image.default\">\n\t\t\t\t\t\t\t\t\t\t\t\t\t\t\t<img loading=\"lazy\" decoding=\"async\" width=\"751\" height=\"1024\" src=\"https:\/\/syntony-gnss.com\/wp-content\/uploads\/2023\/10\/DEKRA-Seal-ISO-9001-751x1024.jpg\" class=\"attachment-large size-large wp-image-14297\" alt=\"\" srcset=\"https:\/\/syntony-gnss.com\/wp-content\/uploads\/2023\/10\/DEKRA-Seal-ISO-9001-751x1024.jpg 751w, https:\/\/syntony-gnss.com\/wp-content\/uploads\/2023\/10\/DEKRA-Seal-ISO-9001-220x300.jpg 220w, https:\/\/syntony-gnss.com\/wp-content\/uploads\/2023\/10\/DEKRA-Seal-ISO-9001-768x1047.jpg 768w, https:\/\/syntony-gnss.com\/wp-content\/uploads\/2023\/10\/DEKRA-Seal-ISO-9001-1126x1536.jpg 1126w, https:\/\/syntony-gnss.com\/wp-content\/uploads\/2023\/10\/DEKRA-Seal-ISO-9001-1502x2048.jpg 1502w, https:\/\/syntony-gnss.com\/wp-content\/uploads\/2023\/10\/DEKRA-Seal-ISO-9001-scaled.jpg 1877w\" sizes=\"(max-width: 751px) 100vw, 751px\" \/>\t\t\t\t\t\t\t\t\t\t\t\t\t\t\t<\/div>\n\t\t\t\t\t<\/div>\n\t\t\t\t<\/div>\n\t\t\t\t<\/div>\n\t\t","protected":false},"excerpt":{"rendered":"<p>NOS CERTIFICATIONS Conform\u00e9ment \u00e0 la r\u00e9glementation, les produits Syntony sont certifi\u00e9s en ce qui concerne les \u00e9missions RF et les normes \u00e9lectriques. Syntony a \u00e9galement mis en place et maintient un syst\u00e8me de gestion de la qualit\u00e9 conforme \u00e0 la norme ISO 9001:2015.<\/p>\n","protected":false},"author":4,"featured_media":0,"parent":0,"menu_order":0,"comment_status":"closed","ping_status":"closed","template":"","meta":{"footnotes":""},"class_list":["post-14318","page","type-page","status-publish","hentry"],"yoast_head":"<!-- This site is optimized with the Yoast SEO plugin v27.1.1 - https:\/\/yoast.com\/product\/yoast-seo-wordpress\/ -->\n<title>Nos certifications - Syntony<\/title>\n<meta name=\"description\" content=\"Syntony veille \u00e0 ce que ses produits respectent les normes d&#039;\u00e9mission RF et les normes \u00e9lectriques, et maintient un syst\u00e8me de gestion de la qualit\u00e9 certifi\u00e9 ISO 9001:2015. D\u00e9couvrez nos certifications et notre assurance.\" \/>\n<meta name=\"robots\" content=\"noindex, follow\" \/>\n<meta property=\"og:locale\" content=\"fr_FR\" \/>\n<meta property=\"og:type\" content=\"article\" \/>\n<meta property=\"og:title\" content=\"Nos certifications - Syntony\" \/>\n<meta property=\"og:description\" content=\"Syntony veille \u00e0 ce que ses produits respectent les normes d&#039;\u00e9mission RF et les normes \u00e9lectriques, et maintient un syst\u00e8me de gestion de la qualit\u00e9 certifi\u00e9 ISO 9001:2015. D\u00e9couvrez nos certifications et notre assurance.\" \/>\n<meta property=\"og:url\" content=\"https:\/\/syntony-gnss.com\/fr\/nos-certifications\" \/>\n<meta property=\"og:site_name\" content=\"Syntony\" \/>\n<meta property=\"article:publisher\" content=\"https:\/\/www.facebook.com\/SyntonyGNSS\/\" \/>\n<meta property=\"article:modified_time\" content=\"2025-09-23T09:09:49+00:00\" \/>\n<meta property=\"og:image\" content=\"https:\/\/syntony-gnss.com\/wp-content\/uploads\/2023\/10\/CE_1200px-Conformite_Eur.png\" \/>\n\t<meta property=\"og:image:width\" content=\"1200\" \/>\n\t<meta property=\"og:image:height\" content=\"857\" \/>\n\t<meta property=\"og:image:type\" content=\"image\/png\" \/>\n<meta name=\"twitter:card\" content=\"summary_large_image\" \/>\n<meta name=\"twitter:site\" content=\"@syntony_gnss\" \/>\n<script type=\"application\/ld+json\" class=\"yoast-schema-graph\">{\"@context\":\"https:\/\/schema.org\",\"@graph\":[{\"@type\":\"WebPage\",\"@id\":\"https:\/\/syntony-gnss.com\/fr\/nos-certifications\",\"url\":\"https:\/\/syntony-gnss.com\/fr\/nos-certifications\",\"name\":\"Nos certifications - Syntony\",\"isPartOf\":{\"@id\":\"https:\/\/syntony-gnss.com\/fr#website\"},\"primaryImageOfPage\":{\"@id\":\"https:\/\/syntony-gnss.com\/fr\/nos-certifications#primaryimage\"},\"image\":{\"@id\":\"https:\/\/syntony-gnss.com\/fr\/nos-certifications#primaryimage\"},\"thumbnailUrl\":\"https:\/\/syntony-gnss.com\/wp-content\/uploads\/2023\/10\/CE_1200px-Conformite_Eur-1024x731.png\",\"datePublished\":\"2023-10-03T10:09:09+00:00\",\"dateModified\":\"2025-09-23T09:09:49+00:00\",\"description\":\"Syntony veille \u00e0 ce que ses produits respectent les normes d'\u00e9mission RF et les normes \u00e9lectriques, et maintient un syst\u00e8me de gestion de la qualit\u00e9 certifi\u00e9 ISO 9001:2015. D\u00e9couvrez nos certifications et notre assurance.\",\"breadcrumb\":{\"@id\":\"https:\/\/syntony-gnss.com\/fr\/nos-certifications#breadcrumb\"},\"inLanguage\":\"fr-FR\",\"potentialAction\":[{\"@type\":\"ReadAction\",\"target\":[\"https:\/\/syntony-gnss.com\/fr\/nos-certifications\"]}]},{\"@type\":\"ImageObject\",\"inLanguage\":\"fr-FR\",\"@id\":\"https:\/\/syntony-gnss.com\/fr\/nos-certifications#primaryimage\",\"url\":\"https:\/\/syntony-gnss.com\/wp-content\/uploads\/2023\/10\/CE_1200px-Conformite_Eur-1024x731.png\",\"contentUrl\":\"https:\/\/syntony-gnss.com\/wp-content\/uploads\/2023\/10\/CE_1200px-Conformite_Eur-1024x731.png\"},{\"@type\":\"BreadcrumbList\",\"@id\":\"https:\/\/syntony-gnss.com\/fr\/nos-certifications#breadcrumb\",\"itemListElement\":[{\"@type\":\"ListItem\",\"position\":1,\"name\":\"Accueil\",\"item\":\"https:\/\/syntony-gnss.com\/fr\"},{\"@type\":\"ListItem\",\"position\":2,\"name\":\"Nos certifications\"}]},{\"@type\":\"WebSite\",\"@id\":\"https:\/\/syntony-gnss.com\/fr#website\",\"url\":\"https:\/\/syntony-gnss.com\/fr\",\"name\":\"Syntony\",\"description\":\"Shaping the future of navigation\",\"publisher\":{\"@id\":\"https:\/\/syntony-gnss.com\/fr#organization\"},\"potentialAction\":[{\"@type\":\"SearchAction\",\"target\":{\"@type\":\"EntryPoint\",\"urlTemplate\":\"https:\/\/syntony-gnss.com\/fr?s={search_term_string}\"},\"query-input\":{\"@type\":\"PropertyValueSpecification\",\"valueRequired\":true,\"valueName\":\"search_term_string\"}}],\"inLanguage\":\"fr-FR\"},{\"@type\":\"Organization\",\"@id\":\"https:\/\/syntony-gnss.com\/fr#organization\",\"name\":\"Syntony\",\"url\":\"https:\/\/syntony-gnss.com\/fr\",\"logo\":{\"@type\":\"ImageObject\",\"inLanguage\":\"fr-FR\",\"@id\":\"https:\/\/syntony-gnss.com\/fr#\/schema\/logo\/image\/\",\"url\":\"https:\/\/syntony-gnss.com\/wp-content\/uploads\/2022\/07\/Logo_Syntony_couleur_Encours-01.svg\",\"contentUrl\":\"https:\/\/syntony-gnss.com\/wp-content\/uploads\/2022\/07\/Logo_Syntony_couleur_Encours-01.svg\",\"width\":191.99,\"height\":139.49,\"caption\":\"Syntony\"},\"image\":{\"@id\":\"https:\/\/syntony-gnss.com\/fr#\/schema\/logo\/image\/\"},\"sameAs\":[\"https:\/\/www.facebook.com\/SyntonyGNSS\/\",\"https:\/\/x.com\/syntony_gnss\",\"https:\/\/www.youtube.com\/channel\/UCHnOwENvOehAjwFiy0Qd3Ww\",\"https:\/\/www.linkedin.com\/company\/syntony-gnss\/?originalSubdomain=fr\"]}]}<\/script>\n<!-- \/ Yoast SEO plugin. -->","yoast_head_json":{"title":"Nos certifications - Syntony","description":"Syntony veille \u00e0 ce que ses produits respectent les normes d'\u00e9mission RF et les normes \u00e9lectriques, et maintient un syst\u00e8me de gestion de la qualit\u00e9 certifi\u00e9 ISO 9001:2015. D\u00e9couvrez nos certifications et notre assurance.","robots":{"index":"noindex","follow":"follow"},"og_locale":"fr_FR","og_type":"article","og_title":"Nos certifications - Syntony","og_description":"Syntony veille \u00e0 ce que ses produits respectent les normes d'\u00e9mission RF et les normes \u00e9lectriques, et maintient un syst\u00e8me de gestion de la qualit\u00e9 certifi\u00e9 ISO 9001:2015. D\u00e9couvrez nos certifications et notre assurance.","og_url":"https:\/\/syntony-gnss.com\/fr\/nos-certifications","og_site_name":"Syntony","article_publisher":"https:\/\/www.facebook.com\/SyntonyGNSS\/","article_modified_time":"2025-09-23T09:09:49+00:00","og_image":[{"width":1200,"height":857,"url":"https:\/\/syntony-gnss.com\/wp-content\/uploads\/2023\/10\/CE_1200px-Conformite_Eur.png","type":"image\/png"}],"twitter_card":"summary_large_image","twitter_site":"@syntony_gnss","schema":{"@context":"https:\/\/schema.org","@graph":[{"@type":"WebPage","@id":"https:\/\/syntony-gnss.com\/fr\/nos-certifications","url":"https:\/\/syntony-gnss.com\/fr\/nos-certifications","name":"Nos certifications - Syntony","isPartOf":{"@id":"https:\/\/syntony-gnss.com\/fr#website"},"primaryImageOfPage":{"@id":"https:\/\/syntony-gnss.com\/fr\/nos-certifications#primaryimage"},"image":{"@id":"https:\/\/syntony-gnss.com\/fr\/nos-certifications#primaryimage"},"thumbnailUrl":"https:\/\/syntony-gnss.com\/wp-content\/uploads\/2023\/10\/CE_1200px-Conformite_Eur-1024x731.png","datePublished":"2023-10-03T10:09:09+00:00","dateModified":"2025-09-23T09:09:49+00:00","description":"Syntony veille \u00e0 ce que ses produits respectent les normes d'\u00e9mission RF et les normes \u00e9lectriques, et maintient un syst\u00e8me de gestion de la qualit\u00e9 certifi\u00e9 ISO 9001:2015. D\u00e9couvrez nos certifications et notre assurance.","breadcrumb":{"@id":"https:\/\/syntony-gnss.com\/fr\/nos-certifications#breadcrumb"},"inLanguage":"fr-FR","potentialAction":[{"@type":"ReadAction","target":["https:\/\/syntony-gnss.com\/fr\/nos-certifications"]}]},{"@type":"ImageObject","inLanguage":"fr-FR","@id":"https:\/\/syntony-gnss.com\/fr\/nos-certifications#primaryimage","url":"https:\/\/syntony-gnss.com\/wp-content\/uploads\/2023\/10\/CE_1200px-Conformite_Eur-1024x731.png","contentUrl":"https:\/\/syntony-gnss.com\/wp-content\/uploads\/2023\/10\/CE_1200px-Conformite_Eur-1024x731.png"},{"@type":"BreadcrumbList","@id":"https:\/\/syntony-gnss.com\/fr\/nos-certifications#breadcrumb","itemListElement":[{"@type":"ListItem","position":1,"name":"Accueil","item":"https:\/\/syntony-gnss.com\/fr"},{"@type":"ListItem","position":2,"name":"Nos certifications"}]},{"@type":"WebSite","@id":"https:\/\/syntony-gnss.com\/fr#website","url":"https:\/\/syntony-gnss.com\/fr","name":"Syntony","description":"Shaping the future of navigation","publisher":{"@id":"https:\/\/syntony-gnss.com\/fr#organization"},"potentialAction":[{"@type":"SearchAction","target":{"@type":"EntryPoint","urlTemplate":"https:\/\/syntony-gnss.com\/fr?s={search_term_string}"},"query-input":{"@type":"PropertyValueSpecification","valueRequired":true,"valueName":"search_term_string"}}],"inLanguage":"fr-FR"},{"@type":"Organization","@id":"https:\/\/syntony-gnss.com\/fr#organization","name":"Syntony","url":"https:\/\/syntony-gnss.com\/fr","logo":{"@type":"ImageObject","inLanguage":"fr-FR","@id":"https:\/\/syntony-gnss.com\/fr#\/schema\/logo\/image\/","url":"https:\/\/syntony-gnss.com\/wp-content\/uploads\/2022\/07\/Logo_Syntony_couleur_Encours-01.svg","contentUrl":"https:\/\/syntony-gnss.com\/wp-content\/uploads\/2022\/07\/Logo_Syntony_couleur_Encours-01.svg","width":191.99,"height":139.49,"caption":"Syntony"},"image":{"@id":"https:\/\/syntony-gnss.com\/fr#\/schema\/logo\/image\/"},"sameAs":["https:\/\/www.facebook.com\/SyntonyGNSS\/","https:\/\/x.com\/syntony_gnss","https:\/\/www.youtube.com\/channel\/UCHnOwENvOehAjwFiy0Qd3Ww","https:\/\/www.linkedin.com\/company\/syntony-gnss\/?originalSubdomain=fr"]}]}},"_links":{"self":[{"href":"https:\/\/syntony-gnss.com\/fr\/wp-json\/wp\/v2\/pages\/14318","targetHints":{"allow":["GET"]}}],"collection":[{"href":"https:\/\/syntony-gnss.com\/fr\/wp-json\/wp\/v2\/pages"}],"about":[{"href":"https:\/\/syntony-gnss.com\/fr\/wp-json\/wp\/v2\/types\/page"}],"author":[{"embeddable":true,"href":"https:\/\/syntony-gnss.com\/fr\/wp-json\/wp\/v2\/users\/4"}],"replies":[{"embeddable":true,"href":"https:\/\/syntony-gnss.com\/fr\/wp-json\/wp\/v2\/comments?post=14318"}],"version-history":[{"count":0,"href":"https:\/\/syntony-gnss.com\/fr\/wp-json\/wp\/v2\/pages\/14318\/revisions"}],"wp:attachment":[{"href":"https:\/\/syntony-gnss.com\/fr\/wp-json\/wp\/v2\/media?parent=14318"}],"curies":[{"name":"wp","href":"https:\/\/api.w.org\/{rel}","templated":true}]}}