{"id":16753,"date":"2025-01-30T10:22:17","date_gmt":"2025-01-30T09:22:17","guid":{"rendered":"https:\/\/syntony-gnss.com\/abonnez-vous-a-la-newsletter-de-syntony"},"modified":"2025-02-05T11:00:22","modified_gmt":"2025-02-05T10:00:22","slug":"abonnez-vous-a-la-newsletter-de-syntony","status":"publish","type":"page","link":"https:\/\/syntony-gnss.com\/fr\/abonnez-vous-a-la-newsletter-de-syntony","title":{"rendered":"Abonnez-vous \u00e0 la newsletter de Syntony"},"content":{"rendered":"\t\t<div data-elementor-type=\"wp-page\" data-elementor-id=\"16753\" class=\"elementor elementor-16753 elementor-16590\" data-elementor-post-type=\"page\">\n\t\t\t\t<div class=\"elementor-element elementor-element-586d694 e-flex e-con-boxed e-con e-parent\" data-id=\"586d694\" data-element_type=\"container\" data-e-type=\"container\" data-settings=\"{&quot;jet_parallax_layout_list&quot;:[]}\">\n\t\t\t\t\t<div class=\"e-con-inner\">\n\t\t\t\t<div class=\"elementor-element elementor-element-7b61846 elementor-widget elementor-widget-image\" data-id=\"7b61846\" data-element_type=\"widget\" data-e-type=\"widget\" data-widget_type=\"image.default\">\n\t\t\t\t\t\t\t\t\t\t\t\t\t\t\t<img fetchpriority=\"high\" decoding=\"async\" width=\"800\" height=\"200\" src=\"https:\/\/syntony-gnss.com\/wp-content\/uploads\/2025\/01\/NL_Form_Banner-1024x256.jpg\" class=\"attachment-large size-large wp-image-16593\" alt=\"\" srcset=\"https:\/\/syntony-gnss.com\/wp-content\/uploads\/2025\/01\/NL_Form_Banner-1024x256.jpg 1024w, https:\/\/syntony-gnss.com\/wp-content\/uploads\/2025\/01\/NL_Form_Banner-300x75.jpg 300w, https:\/\/syntony-gnss.com\/wp-content\/uploads\/2025\/01\/NL_Form_Banner-768x192.jpg 768w, https:\/\/syntony-gnss.com\/wp-content\/uploads\/2025\/01\/NL_Form_Banner.jpg 1200w\" sizes=\"(max-width: 800px) 100vw, 800px\" \/>\t\t\t\t\t\t\t\t\t\t\t\t\t\t\t<\/div>\n\t\t\t\t\t<\/div>\n\t\t\t\t<\/div>\n\t\t<div class=\"elementor-element elementor-element-87e901b e-flex e-con-boxed e-con e-parent\" data-id=\"87e901b\" data-element_type=\"container\" data-e-type=\"container\" data-settings=\"{&quot;jet_parallax_layout_list&quot;:[]}\">\n\t\t\t\t\t<div class=\"e-con-inner\">\n\t\t<div class=\"elementor-element elementor-element-a012d22 e-grid e-con-full e-con e-child\" data-id=\"a012d22\" data-element_type=\"container\" data-e-type=\"container\" data-settings=\"{&quot;jet_parallax_layout_list&quot;:[]}\">\n\t\t\t\t<div class=\"elementor-element elementor-element-2f35378 elementor-widget elementor-widget-text-editor\" data-id=\"2f35378\" data-element_type=\"widget\" data-e-type=\"widget\" data-widget_type=\"text-editor.default\">\n\t\t\t\t\t\t\t\t\t<p>Acc\u00e9dez \u00e0 des actualit\u00e9s exclusives, des mises \u00e0 jour sur les fonctionnalit\u00e9s et am\u00e9liorations de nos produits, ainsi que des insights sur nos innovations technologiques. Restez connect\u00e9(e) aux annonces concernant les \u00e9v\u00e9nements et salons \u00e0 venir, o\u00f9 vous pourrez rencontrer notre \u00e9quipe et d\u00e9couvrir nos solutions.  <\/p>\n<p>Rejoignez d\u00e8s aujourd\u2019hui la newsletter de Syntony et restez inform\u00e9(e) de toutes nos actualit\u00e9s.<\/p>\n\t\t\t\t\t\t\t\t<\/div>\n\t\t\t\t<div class=\"elementor-element elementor-element-93d0872 elementor-button-align-center elementor-mobile-button-align-center elementor-widget elementor-widget-form\" data-id=\"93d0872\" data-element_type=\"widget\" data-e-type=\"widget\" data-settings=\"{&quot;button_width_mobile&quot;:&quot;100&quot;,&quot;step_next_label&quot;:&quot;Suivant&quot;,&quot;step_previous_label&quot;:&quot;Pr\\u00e9c\\u00e9dent&quot;,&quot;step_type&quot;:&quot;number_text&quot;,&quot;step_icon_shape&quot;:&quot;circle&quot;}\" data-widget_type=\"form.default\">\n\t\t\t\t\t\t\t<form class=\"elementor-form\" method=\"post\" name=\"Formulaire d&#039;inscription Newsletter complet\" aria-label=\"Formulaire d&#039;inscription Newsletter complet\">\n\t\t\t<input type=\"hidden\" name=\"post_id\" value=\"16753\"\/>\n\t\t\t<input type=\"hidden\" name=\"form_id\" value=\"93d0872\"\/>\n\t\t\t<input type=\"hidden\" name=\"referer_title\" value=\"Abonnez-vous \u00e0 la newsletter de Syntony - Syntony\" \/>\n\n\t\t\t\t\t\t\t<input type=\"hidden\" name=\"queried_id\" value=\"16753\"\/>\n\t\t\t\n\t\t\t<div class=\"elementor-form-fields-wrapper elementor-labels-\">\n\t\t\t\t\t\t\t\t<div class=\"elementor-field-type-email elementor-field-group elementor-column elementor-field-group-email elementor-col-100 elementor-field-required\">\n\t\t\t\t\t\t\t\t\t\t\t\t<label for=\"form-field-email\" class=\"elementor-field-label elementor-screen-only\">\n\t\t\t\t\t\t\t\tEmail\t\t\t\t\t\t\t<\/label>\n\t\t\t\t\t\t\t\t\t\t\t\t\t\t<input size=\"1\" type=\"email\" name=\"form_fields[email]\" id=\"form-field-email\" class=\"elementor-field elementor-size-sm  elementor-field-textual\" placeholder=\"Email*\" required=\"required\">\n\t\t\t\t\t\t\t\t\t\t\t<\/div>\n\t\t\t\t\t\t\t\t<div class=\"elementor-field-type-radio elementor-field-group elementor-column elementor-field-group-field_cff2b2e elementor-col-100 elementor-field-required\">\n\t\t\t\t\t\t\t\t\t\t\t\t<label for=\"form-field-field_cff2b2e\" class=\"elementor-field-label elementor-screen-only\">\n\t\t\t\t\t\t\t\tRGPD\t\t\t\t\t\t\t<\/label>\n\t\t\t\t\t\t<div class=\"elementor-field-subgroup  \"><span class=\"elementor-field-option\"><input type=\"radio\" value=\"I agree with &lt;a href=&quot;https:\/\/syntony-gnss.com\/fr\/privacy-policy&quot; target=&quot;_blank&quot; rel=&quot;noopener noreferrer&quot;&gt;Syntony&#039;s privacy policy&lt;\/a&gt;. &lt;span style=&quot;color: red;&quot;&gt;*&lt;\/span&gt;\" id=\"form-field-field_cff2b2e-0\" name=\"form_fields[field_cff2b2e]\" required=\"required\"> <label for=\"form-field-field_cff2b2e-0\">I agree with <a href=\"https:\/\/syntony-gnss.com\/fr\/privacy-policy\" target=\"_blank\" rel=\"noopener noreferrer\">Syntony's privacy policy<\/a>. <span style=\"color: red;\">*<\/span><\/label><\/span><\/div>\t\t\t\t<\/div>\n\t\t\t\t\t\t\t\t<div class=\"elementor-field-type-recaptcha_v3 elementor-field-group elementor-column elementor-field-group-field_61c7a6c elementor-col-100 recaptcha_v3-bottomright\">\n\t\t\t\t\t<div class=\"elementor-field\" id=\"form-field-field_61c7a6c\"><div class=\"elementor-g-recaptcha\" data-sitekey=\"6LeydawgAAAAAA0IJXQZEX-iZEchownT1DKD-umK\" data-type=\"v3\" data-action=\"Form\" data-badge=\"bottomright\" data-size=\"invisible\"><\/div><\/div>\t\t\t\t<\/div>\n\t\t\t\t\t\t\t\t<div class=\"elementor-field-type-text\">\n\t\t\t\t\t<input size=\"1\" type=\"text\" name=\"form_fields[field_ba3afe3]\" id=\"form-field-field_ba3afe3\" class=\"elementor-field elementor-size-sm \" style=\"display:none !important;\">\t\t\t\t<\/div>\n\t\t\t\t\t\t\t\t<div class=\"elementor-field-group elementor-column elementor-field-type-submit elementor-col-100 e-form__buttons elementor-sm-100\">\n\t\t\t\t\t<button class=\"elementor-button elementor-size-sm\" type=\"submit\">\n\t\t\t\t\t\t<span class=\"elementor-button-content-wrapper\">\n\t\t\t\t\t\t\t\t\t\t\t\t\t\t\t\t\t\t\t\t\t\t<span class=\"elementor-button-text\">S'inscrire<\/span>\n\t\t\t\t\t\t\t\t\t\t\t\t\t<\/span>\n\t\t\t\t\t<\/button>\n\t\t\t\t<\/div>\n\t\t\t<\/div>\n\t\t<\/form>\n\t\t\t\t\t\t<\/div>\n\t\t\t\t<\/div>\n\t\t\t\t\t<\/div>\n\t\t\t\t<\/div>\n\t\t<div class=\"elementor-element elementor-element-5dcad04 elementor-hidden-desktop elementor-hidden-tablet elementor-hidden-mobile e-flex e-con-boxed e-con e-parent\" data-id=\"5dcad04\" data-element_type=\"container\" data-e-type=\"container\" data-settings=\"{&quot;jet_parallax_layout_list&quot;:[],&quot;background_background&quot;:&quot;classic&quot;}\">\n\t\t\t\t\t<div class=\"e-con-inner\">\n\t\t\t\t<div class=\"elementor-element elementor-element-a7724bb elementor-button-align-stretch elementor-widget elementor-widget-form\" data-id=\"a7724bb\" data-element_type=\"widget\" data-e-type=\"widget\" data-settings=\"{&quot;step_next_label&quot;:&quot;Suivant&quot;,&quot;step_previous_label&quot;:&quot;Pr\\u00e9c\\u00e9dent&quot;,&quot;button_width&quot;:&quot;100&quot;,&quot;step_type&quot;:&quot;number_text&quot;,&quot;step_icon_shape&quot;:&quot;circle&quot;}\" data-widget_type=\"form.default\">\n\t\t\t\t\t\t\t<form class=\"elementor-form\" method=\"post\" name=\"Formulaire de Demande d&#039;information\" aria-label=\"Formulaire de Demande d&#039;information\">\n\t\t\t<input type=\"hidden\" name=\"post_id\" value=\"16753\"\/>\n\t\t\t<input type=\"hidden\" name=\"form_id\" value=\"a7724bb\"\/>\n\t\t\t<input type=\"hidden\" name=\"referer_title\" value=\"Abonnez-vous \u00e0 la newsletter de Syntony - Syntony\" \/>\n\n\t\t\t\t\t\t\t<input type=\"hidden\" name=\"queried_id\" value=\"16753\"\/>\n\t\t\t\n\t\t\t<div class=\"elementor-form-fields-wrapper elementor-labels-\">\n\t\t\t\t\t\t\t\t<div class=\"elementor-field-type-text elementor-field-group elementor-column elementor-field-group-firstname elementor-col-50 elementor-field-required\">\n\t\t\t\t\t\t\t\t\t\t\t\t<label for=\"form-field-firstname\" class=\"elementor-field-label elementor-screen-only\">\n\t\t\t\t\t\t\t\tPr\u00e9nom\t\t\t\t\t\t\t<\/label>\n\t\t\t\t\t\t\t\t\t\t\t\t\t\t<input size=\"1\" type=\"text\" name=\"form_fields[firstname]\" id=\"form-field-firstname\" class=\"elementor-field elementor-size-sm  elementor-field-textual\" placeholder=\"First Name*\" required=\"required\">\n\t\t\t\t\t\t\t\t\t\t\t<\/div>\n\t\t\t\t\t\t\t\t<div class=\"elementor-field-type-text elementor-field-group elementor-column elementor-field-group-lastname elementor-col-50 elementor-field-required\">\n\t\t\t\t\t\t\t\t\t\t\t\t<label for=\"form-field-lastname\" class=\"elementor-field-label elementor-screen-only\">\n\t\t\t\t\t\t\t\tNom\t\t\t\t\t\t\t<\/label>\n\t\t\t\t\t\t\t\t\t\t\t\t\t\t<input size=\"1\" type=\"text\" name=\"form_fields[lastname]\" id=\"form-field-lastname\" class=\"elementor-field elementor-size-sm  elementor-field-textual\" placeholder=\"Nom*\" required=\"required\">\n\t\t\t\t\t\t\t\t\t\t\t<\/div>\n\t\t\t\t\t\t\t\t<div class=\"elementor-field-type-email elementor-field-group elementor-column elementor-field-group-email elementor-col-50 elementor-field-required\">\n\t\t\t\t\t\t\t\t\t\t\t\t<label for=\"form-field-email\" class=\"elementor-field-label elementor-screen-only\">\n\t\t\t\t\t\t\t\tEmail\t\t\t\t\t\t\t<\/label>\n\t\t\t\t\t\t\t\t\t\t\t\t\t\t<input size=\"1\" type=\"email\" name=\"form_fields[email]\" id=\"form-field-email\" class=\"elementor-field elementor-size-sm  elementor-field-textual\" placeholder=\"Email*\" required=\"required\">\n\t\t\t\t\t\t\t\t\t\t\t<\/div>\n\t\t\t\t\t\t\t\t<div class=\"elementor-field-type-text elementor-field-group elementor-column elementor-field-group-field_cdecda9 elementor-col-50\">\n\t\t\t\t\t\t\t\t\t\t\t\t<label for=\"form-field-field_cdecda9\" class=\"elementor-field-label elementor-screen-only\">\n\t\t\t\t\t\t\t\tT\u00e9l\u00e9phone\t\t\t\t\t\t\t<\/label>\n\t\t\t\t\t\t\t\t\t\t\t\t\t\t<input size=\"1\" type=\"text\" name=\"form_fields[field_cdecda9]\" id=\"form-field-field_cdecda9\" class=\"elementor-field elementor-size-sm  elementor-field-textual\" placeholder=\"T\u00e9l\u00e9phone\">\n\t\t\t\t\t\t\t\t\t\t\t<\/div>\n\t\t\t\t\t\t\t\t<div class=\"elementor-field-type-text elementor-field-group elementor-column elementor-field-group-field_63e3cb5 elementor-col-50 elementor-field-required\">\n\t\t\t\t\t\t\t\t\t\t\t\t<label for=\"form-field-field_63e3cb5\" class=\"elementor-field-label elementor-screen-only\">\n\t\t\t\t\t\t\t\tObjet\t\t\t\t\t\t\t<\/label>\n\t\t\t\t\t\t\t\t\t\t\t\t\t\t<input size=\"1\" type=\"text\" name=\"form_fields[field_63e3cb5]\" id=\"form-field-field_63e3cb5\" class=\"elementor-field elementor-size-sm  elementor-field-textual\" placeholder=\"Objet*\" required=\"required\">\n\t\t\t\t\t\t\t\t\t\t\t<\/div>\n\t\t\t\t\t\t\t\t<div class=\"elementor-field-type-text elementor-field-group elementor-column elementor-field-group-field_bb5d1a5 elementor-col-50\">\n\t\t\t\t\t\t\t\t\t\t\t\t<label for=\"form-field-field_bb5d1a5\" class=\"elementor-field-label elementor-screen-only\">\n\t\t\t\t\t\t\t\tEntreprise\t\t\t\t\t\t\t<\/label>\n\t\t\t\t\t\t\t\t\t\t\t\t\t\t<input size=\"1\" type=\"text\" name=\"form_fields[field_bb5d1a5]\" id=\"form-field-field_bb5d1a5\" class=\"elementor-field elementor-size-sm  elementor-field-textual\" placeholder=\"Entreprise\">\n\t\t\t\t\t\t\t\t\t\t\t<\/div>\n\t\t\t\t\t\t\t\t<div class=\"elementor-field-type-textarea elementor-field-group elementor-column elementor-field-group-message elementor-col-100 elementor-field-required\">\n\t\t\t\t\t\t\t\t\t\t\t\t<label for=\"form-field-message\" class=\"elementor-field-label elementor-screen-only\">\n\t\t\t\t\t\t\t\tMessage\t\t\t\t\t\t\t<\/label>\n\t\t\t\t\t\t<textarea class=\"elementor-field-textual elementor-field  elementor-size-sm\" name=\"form_fields[message]\" id=\"form-field-message\" rows=\"4\" placeholder=\"Message*\" required=\"required\"><\/textarea>\t\t\t\t<\/div>\n\t\t\t\t\t\t\t\t<div class=\"elementor-field-type-radio elementor-field-group elementor-column elementor-field-group-rgpd elementor-col-100 elementor-field-required\">\n\t\t\t\t\t\t\t\t\t\t\t\t<label for=\"form-field-rgpd\" class=\"elementor-field-label elementor-screen-only\">\n\t\t\t\t\t\t\t\tRGPD\t\t\t\t\t\t\t<\/label>\n\t\t\t\t\t\t<div class=\"elementor-field-subgroup  \"><span class=\"elementor-field-option\"><input type=\"radio\" value=\"I agree with &lt;a href=&quot;https:\/\/syntony-gnss.com\/fr\/privacy-policy&quot; target=&quot;_blank&quot; rel=&quot;noopener noreferrer&quot;&gt;Syntony&#039;s privacy policy&lt;\/a&gt;. &lt;span style=&quot;color: red;&quot;&gt;*&lt;\/span&gt;\" id=\"form-field-rgpd-0\" name=\"form_fields[rgpd]\" required=\"required\"> <label for=\"form-field-rgpd-0\">I agree with <a href=\"https:\/\/syntony-gnss.com\/fr\/privacy-policy\" target=\"_blank\" rel=\"noopener noreferrer\">Syntony's privacy policy<\/a>. <span style=\"color: red;\">*<\/span><\/label><\/span><\/div>\t\t\t\t<\/div>\n\t\t\t\t\t\t\t\t<div class=\"elementor-field-group elementor-column elementor-field-type-submit elementor-col-100 e-form__buttons\">\n\t\t\t\t\t<button class=\"elementor-button elementor-size-sm\" type=\"submit\">\n\t\t\t\t\t\t<span class=\"elementor-button-content-wrapper\">\n\t\t\t\t\t\t\t\t\t\t\t\t\t\t\t\t\t\t\t\t\t\t<span class=\"elementor-button-text\">Envoyer<\/span>\n\t\t\t\t\t\t\t\t\t\t\t\t\t<\/span>\n\t\t\t\t\t<\/button>\n\t\t\t\t<\/div>\n\t\t\t<\/div>\n\t\t<\/form>\n\t\t\t\t\t\t<\/div>\n\t\t\t\t\t<\/div>\n\t\t\t\t<\/div>\n\t\t\t\t<\/div>\n\t\t","protected":false},"excerpt":{"rendered":"<p>Acc\u00e9dez \u00e0 des actualit\u00e9s exclusives, des mises \u00e0 jour sur les fonctionnalit\u00e9s et am\u00e9liorations de nos produits, ainsi que des insights sur nos innovations technologiques. Restez connect\u00e9(e) aux annonces concernant les \u00e9v\u00e9nements et salons \u00e0 venir, o\u00f9 vous pourrez rencontrer notre \u00e9quipe et d\u00e9couvrir nos solutions. Rejoignez d\u00e8s aujourd\u2019hui la newsletter de Syntony et restez [&hellip;]<\/p>\n","protected":false},"author":4,"featured_media":0,"parent":0,"menu_order":0,"comment_status":"closed","ping_status":"closed","template":"","meta":{"footnotes":""},"class_list":["post-16753","page","type-page","status-publish","hentry"],"yoast_head":"<!-- This site is optimized with the Yoast SEO plugin v27.1.1 - https:\/\/yoast.com\/product\/yoast-seo-wordpress\/ -->\n<title>Abonnez-vous \u00e0 la newsletter de Syntony - Syntony<\/title>\n<meta name=\"robots\" content=\"index, follow, max-snippet:-1, max-image-preview:large, max-video-preview:-1\" \/>\n<link rel=\"canonical\" href=\"https:\/\/syntony-gnss.com\/fr\/abonnez-vous-a-la-newsletter-de-syntony\" \/>\n<meta property=\"og:locale\" content=\"fr_FR\" \/>\n<meta property=\"og:type\" content=\"article\" \/>\n<meta property=\"og:title\" content=\"Abonnez-vous \u00e0 la newsletter de Syntony - Syntony\" \/>\n<meta property=\"og:description\" content=\"Acc\u00e9dez \u00e0 des actualit\u00e9s exclusives, des mises \u00e0 jour sur les fonctionnalit\u00e9s et am\u00e9liorations de nos produits, ainsi que des insights sur nos innovations technologiques. Restez connect\u00e9(e) aux annonces concernant les \u00e9v\u00e9nements et salons \u00e0 venir, o\u00f9 vous pourrez rencontrer notre \u00e9quipe et d\u00e9couvrir nos solutions. Rejoignez d\u00e8s aujourd\u2019hui la newsletter de Syntony et restez [&hellip;]\" \/>\n<meta property=\"og:url\" content=\"https:\/\/syntony-gnss.com\/fr\/abonnez-vous-a-la-newsletter-de-syntony\" \/>\n<meta property=\"og:site_name\" content=\"Syntony\" \/>\n<meta property=\"article:publisher\" content=\"https:\/\/www.facebook.com\/SyntonyGNSS\/\" \/>\n<meta property=\"article:modified_time\" content=\"2025-02-05T10:00:22+00:00\" \/>\n<meta property=\"og:image\" content=\"https:\/\/syntony-gnss.com\/wp-content\/uploads\/2025\/01\/NL_Form_Banner.jpg\" \/>\n\t<meta property=\"og:image:width\" content=\"1200\" \/>\n\t<meta property=\"og:image:height\" content=\"300\" \/>\n\t<meta property=\"og:image:type\" content=\"image\/jpeg\" \/>\n<meta name=\"twitter:card\" content=\"summary_large_image\" \/>\n<meta name=\"twitter:site\" content=\"@syntony_gnss\" \/>\n<script type=\"application\/ld+json\" class=\"yoast-schema-graph\">{\"@context\":\"https:\/\/schema.org\",\"@graph\":[{\"@type\":\"WebPage\",\"@id\":\"https:\/\/syntony-gnss.com\/fr\/abonnez-vous-a-la-newsletter-de-syntony\",\"url\":\"https:\/\/syntony-gnss.com\/fr\/abonnez-vous-a-la-newsletter-de-syntony\",\"name\":\"Abonnez-vous \u00e0 la newsletter de Syntony - Syntony\",\"isPartOf\":{\"@id\":\"https:\/\/syntony-gnss.com\/fr#website\"},\"primaryImageOfPage\":{\"@id\":\"https:\/\/syntony-gnss.com\/fr\/abonnez-vous-a-la-newsletter-de-syntony#primaryimage\"},\"image\":{\"@id\":\"https:\/\/syntony-gnss.com\/fr\/abonnez-vous-a-la-newsletter-de-syntony#primaryimage\"},\"thumbnailUrl\":\"https:\/\/syntony-gnss.com\/wp-content\/uploads\/2025\/01\/NL_Form_Banner-1024x256.jpg\",\"datePublished\":\"2025-01-30T09:22:17+00:00\",\"dateModified\":\"2025-02-05T10:00:22+00:00\",\"breadcrumb\":{\"@id\":\"https:\/\/syntony-gnss.com\/fr\/abonnez-vous-a-la-newsletter-de-syntony#breadcrumb\"},\"inLanguage\":\"fr-FR\",\"potentialAction\":[{\"@type\":\"ReadAction\",\"target\":[\"https:\/\/syntony-gnss.com\/fr\/abonnez-vous-a-la-newsletter-de-syntony\"]}]},{\"@type\":\"ImageObject\",\"inLanguage\":\"fr-FR\",\"@id\":\"https:\/\/syntony-gnss.com\/fr\/abonnez-vous-a-la-newsletter-de-syntony#primaryimage\",\"url\":\"https:\/\/syntony-gnss.com\/wp-content\/uploads\/2025\/01\/NL_Form_Banner-1024x256.jpg\",\"contentUrl\":\"https:\/\/syntony-gnss.com\/wp-content\/uploads\/2025\/01\/NL_Form_Banner-1024x256.jpg\"},{\"@type\":\"BreadcrumbList\",\"@id\":\"https:\/\/syntony-gnss.com\/fr\/abonnez-vous-a-la-newsletter-de-syntony#breadcrumb\",\"itemListElement\":[{\"@type\":\"ListItem\",\"position\":1,\"name\":\"Accueil\",\"item\":\"https:\/\/syntony-gnss.com\/fr\"},{\"@type\":\"ListItem\",\"position\":2,\"name\":\"Abonnez-vous \u00e0 la newsletter de Syntony\"}]},{\"@type\":\"WebSite\",\"@id\":\"https:\/\/syntony-gnss.com\/fr#website\",\"url\":\"https:\/\/syntony-gnss.com\/fr\",\"name\":\"Syntony\",\"description\":\"Shaping the future of navigation\",\"publisher\":{\"@id\":\"https:\/\/syntony-gnss.com\/fr#organization\"},\"potentialAction\":[{\"@type\":\"SearchAction\",\"target\":{\"@type\":\"EntryPoint\",\"urlTemplate\":\"https:\/\/syntony-gnss.com\/fr?s={search_term_string}\"},\"query-input\":{\"@type\":\"PropertyValueSpecification\",\"valueRequired\":true,\"valueName\":\"search_term_string\"}}],\"inLanguage\":\"fr-FR\"},{\"@type\":\"Organization\",\"@id\":\"https:\/\/syntony-gnss.com\/fr#organization\",\"name\":\"Syntony\",\"url\":\"https:\/\/syntony-gnss.com\/fr\",\"logo\":{\"@type\":\"ImageObject\",\"inLanguage\":\"fr-FR\",\"@id\":\"https:\/\/syntony-gnss.com\/fr#\/schema\/logo\/image\/\",\"url\":\"https:\/\/syntony-gnss.com\/wp-content\/uploads\/2022\/07\/Logo_Syntony_couleur_Encours-01.svg\",\"contentUrl\":\"https:\/\/syntony-gnss.com\/wp-content\/uploads\/2022\/07\/Logo_Syntony_couleur_Encours-01.svg\",\"width\":191.99,\"height\":139.49,\"caption\":\"Syntony\"},\"image\":{\"@id\":\"https:\/\/syntony-gnss.com\/fr#\/schema\/logo\/image\/\"},\"sameAs\":[\"https:\/\/www.facebook.com\/SyntonyGNSS\/\",\"https:\/\/x.com\/syntony_gnss\",\"https:\/\/www.youtube.com\/channel\/UCHnOwENvOehAjwFiy0Qd3Ww\",\"https:\/\/www.linkedin.com\/company\/syntony-gnss\/?originalSubdomain=fr\"]}]}<\/script>\n<!-- \/ Yoast SEO plugin. -->","yoast_head_json":{"title":"Abonnez-vous \u00e0 la newsletter de Syntony - Syntony","robots":{"index":"index","follow":"follow","max-snippet":"max-snippet:-1","max-image-preview":"max-image-preview:large","max-video-preview":"max-video-preview:-1"},"canonical":"https:\/\/syntony-gnss.com\/fr\/abonnez-vous-a-la-newsletter-de-syntony","og_locale":"fr_FR","og_type":"article","og_title":"Abonnez-vous \u00e0 la newsletter de Syntony - Syntony","og_description":"Acc\u00e9dez \u00e0 des actualit\u00e9s exclusives, des mises \u00e0 jour sur les fonctionnalit\u00e9s et am\u00e9liorations de nos produits, ainsi que des insights sur nos innovations technologiques. Restez connect\u00e9(e) aux annonces concernant les \u00e9v\u00e9nements et salons \u00e0 venir, o\u00f9 vous pourrez rencontrer notre \u00e9quipe et d\u00e9couvrir nos solutions. Rejoignez d\u00e8s aujourd\u2019hui la newsletter de Syntony et restez [&hellip;]","og_url":"https:\/\/syntony-gnss.com\/fr\/abonnez-vous-a-la-newsletter-de-syntony","og_site_name":"Syntony","article_publisher":"https:\/\/www.facebook.com\/SyntonyGNSS\/","article_modified_time":"2025-02-05T10:00:22+00:00","og_image":[{"width":1200,"height":300,"url":"https:\/\/syntony-gnss.com\/wp-content\/uploads\/2025\/01\/NL_Form_Banner.jpg","type":"image\/jpeg"}],"twitter_card":"summary_large_image","twitter_site":"@syntony_gnss","schema":{"@context":"https:\/\/schema.org","@graph":[{"@type":"WebPage","@id":"https:\/\/syntony-gnss.com\/fr\/abonnez-vous-a-la-newsletter-de-syntony","url":"https:\/\/syntony-gnss.com\/fr\/abonnez-vous-a-la-newsletter-de-syntony","name":"Abonnez-vous \u00e0 la newsletter de Syntony - Syntony","isPartOf":{"@id":"https:\/\/syntony-gnss.com\/fr#website"},"primaryImageOfPage":{"@id":"https:\/\/syntony-gnss.com\/fr\/abonnez-vous-a-la-newsletter-de-syntony#primaryimage"},"image":{"@id":"https:\/\/syntony-gnss.com\/fr\/abonnez-vous-a-la-newsletter-de-syntony#primaryimage"},"thumbnailUrl":"https:\/\/syntony-gnss.com\/wp-content\/uploads\/2025\/01\/NL_Form_Banner-1024x256.jpg","datePublished":"2025-01-30T09:22:17+00:00","dateModified":"2025-02-05T10:00:22+00:00","breadcrumb":{"@id":"https:\/\/syntony-gnss.com\/fr\/abonnez-vous-a-la-newsletter-de-syntony#breadcrumb"},"inLanguage":"fr-FR","potentialAction":[{"@type":"ReadAction","target":["https:\/\/syntony-gnss.com\/fr\/abonnez-vous-a-la-newsletter-de-syntony"]}]},{"@type":"ImageObject","inLanguage":"fr-FR","@id":"https:\/\/syntony-gnss.com\/fr\/abonnez-vous-a-la-newsletter-de-syntony#primaryimage","url":"https:\/\/syntony-gnss.com\/wp-content\/uploads\/2025\/01\/NL_Form_Banner-1024x256.jpg","contentUrl":"https:\/\/syntony-gnss.com\/wp-content\/uploads\/2025\/01\/NL_Form_Banner-1024x256.jpg"},{"@type":"BreadcrumbList","@id":"https:\/\/syntony-gnss.com\/fr\/abonnez-vous-a-la-newsletter-de-syntony#breadcrumb","itemListElement":[{"@type":"ListItem","position":1,"name":"Accueil","item":"https:\/\/syntony-gnss.com\/fr"},{"@type":"ListItem","position":2,"name":"Abonnez-vous \u00e0 la newsletter de Syntony"}]},{"@type":"WebSite","@id":"https:\/\/syntony-gnss.com\/fr#website","url":"https:\/\/syntony-gnss.com\/fr","name":"Syntony","description":"Shaping the future of navigation","publisher":{"@id":"https:\/\/syntony-gnss.com\/fr#organization"},"potentialAction":[{"@type":"SearchAction","target":{"@type":"EntryPoint","urlTemplate":"https:\/\/syntony-gnss.com\/fr?s={search_term_string}"},"query-input":{"@type":"PropertyValueSpecification","valueRequired":true,"valueName":"search_term_string"}}],"inLanguage":"fr-FR"},{"@type":"Organization","@id":"https:\/\/syntony-gnss.com\/fr#organization","name":"Syntony","url":"https:\/\/syntony-gnss.com\/fr","logo":{"@type":"ImageObject","inLanguage":"fr-FR","@id":"https:\/\/syntony-gnss.com\/fr#\/schema\/logo\/image\/","url":"https:\/\/syntony-gnss.com\/wp-content\/uploads\/2022\/07\/Logo_Syntony_couleur_Encours-01.svg","contentUrl":"https:\/\/syntony-gnss.com\/wp-content\/uploads\/2022\/07\/Logo_Syntony_couleur_Encours-01.svg","width":191.99,"height":139.49,"caption":"Syntony"},"image":{"@id":"https:\/\/syntony-gnss.com\/fr#\/schema\/logo\/image\/"},"sameAs":["https:\/\/www.facebook.com\/SyntonyGNSS\/","https:\/\/x.com\/syntony_gnss","https:\/\/www.youtube.com\/channel\/UCHnOwENvOehAjwFiy0Qd3Ww","https:\/\/www.linkedin.com\/company\/syntony-gnss\/?originalSubdomain=fr"]}]}},"_links":{"self":[{"href":"https:\/\/syntony-gnss.com\/fr\/wp-json\/wp\/v2\/pages\/16753","targetHints":{"allow":["GET"]}}],"collection":[{"href":"https:\/\/syntony-gnss.com\/fr\/wp-json\/wp\/v2\/pages"}],"about":[{"href":"https:\/\/syntony-gnss.com\/fr\/wp-json\/wp\/v2\/types\/page"}],"author":[{"embeddable":true,"href":"https:\/\/syntony-gnss.com\/fr\/wp-json\/wp\/v2\/users\/4"}],"replies":[{"embeddable":true,"href":"https:\/\/syntony-gnss.com\/fr\/wp-json\/wp\/v2\/comments?post=16753"}],"version-history":[{"count":0,"href":"https:\/\/syntony-gnss.com\/fr\/wp-json\/wp\/v2\/pages\/16753\/revisions"}],"wp:attachment":[{"href":"https:\/\/syntony-gnss.com\/fr\/wp-json\/wp\/v2\/media?parent=16753"}],"curies":[{"name":"wp","href":"https:\/\/api.w.org\/{rel}","templated":true}]}}