{"id":9552,"date":"2022-07-04T11:19:56","date_gmt":"2022-07-04T09:19:56","guid":{"rendered":"https:\/\/syntony-gnss.com\/informations-sur-les-recepteurs-gnss"},"modified":"2023-08-11T15:48:16","modified_gmt":"2023-08-11T13:48:16","slug":"informations-sur-les-recepteurs-gnss","status":"publish","type":"page","link":"https:\/\/syntony-gnss.com\/fr\/informations-sur-les-recepteurs-gnss","title":{"rendered":"Informations sur les r\u00e9cepteurs GNSS"},"content":{"rendered":"\t\t<div data-elementor-type=\"wp-page\" data-elementor-id=\"9552\" class=\"elementor elementor-9552 elementor-9115\" data-elementor-post-type=\"page\">\n\t\t\t\t<div class=\"elementor-element elementor-element-2d15e09 e-flex e-con-boxed e-con e-parent\" data-id=\"2d15e09\" data-element_type=\"container\" data-e-type=\"container\" data-settings=\"{&quot;jet_parallax_layout_list&quot;:[]}\">\n\t\t\t\t\t<div class=\"e-con-inner\">\n\t\t\t\t<div class=\"elementor-element elementor-element-d71c835 elementor-widget elementor-widget-heading\" data-id=\"d71c835\" data-element_type=\"widget\" data-e-type=\"widget\" data-widget_type=\"heading.default\">\n\t\t\t\t\t<h1 class=\"elementor-heading-title elementor-size-default\">Informations sur les r\u00e9cepteurs GNSS<\/h1>\t\t\t\t<\/div>\n\t\t\t\t\t<\/div>\n\t\t\t\t<\/div>\n\t\t<div class=\"elementor-element elementor-element-b8c72c3 e-flex e-con-boxed e-con e-parent\" data-id=\"b8c72c3\" data-element_type=\"container\" data-e-type=\"container\" data-settings=\"{&quot;jet_parallax_layout_list&quot;:[]}\">\n\t\t\t\t\t<div class=\"e-con-inner\">\n\t\t\t\t\t<\/div>\n\t\t\t\t<\/div>\n\t\t<div class=\"elementor-element elementor-element-8a4aa70 e-flex e-con-boxed e-con e-parent\" data-id=\"8a4aa70\" data-element_type=\"container\" data-e-type=\"container\" data-settings=\"{&quot;jet_parallax_layout_list&quot;:[]}\">\n\t\t\t\t\t<div class=\"e-con-inner\">\n\t\t<div class=\"elementor-element elementor-element-648eaa4 e-con-full e-flex e-con e-child\" data-id=\"648eaa4\" data-element_type=\"container\" data-e-type=\"container\" data-settings=\"{&quot;jet_parallax_layout_list&quot;:[]}\">\n\t\t\t\t<div class=\"elementor-element elementor-element-0e6cd50 elementor-widget elementor-widget-text-editor\" data-id=\"0e6cd50\" data-element_type=\"widget\" data-e-type=\"widget\" data-widget_type=\"text-editor.default\">\n\t\t\t\t\t\t\t\t\t<h2><span style=\"color: #201a3e;\">R\u00e9cepteur GNSS haut de gamme<\/span> <span style=\"color: #f7d33e;\">SoftSpot<\/span><span style=\"color: #201a3e;\">\u2122<\/span><\/h2>\n\t\t\t\t\t\t\t\t<\/div>\n\t\t\t\t<div class=\"elementor-element elementor-element-1dcccca elementor-widget elementor-widget-image\" data-id=\"1dcccca\" data-element_type=\"widget\" data-e-type=\"widget\" data-widget_type=\"image.default\">\n\t\t\t\t\t\t\t\t\t\t\t\t\t\t\t<img fetchpriority=\"high\" decoding=\"async\" width=\"600\" height=\"400\" src=\"https:\/\/syntony-gnss.com\/wp-content\/uploads\/2022\/05\/GNSS-receiver_SoftSpot.webp\" class=\"attachment-large size-large wp-image-9562\" alt=\"R\u00e9cepteur GNSS SoftSpot version sur \u00e9tag\u00e8re\" srcset=\"https:\/\/syntony-gnss.com\/wp-content\/uploads\/2022\/05\/GNSS-receiver_SoftSpot.webp 600w, https:\/\/syntony-gnss.com\/wp-content\/uploads\/2022\/05\/GNSS-receiver_SoftSpot-300x200.webp 300w\" sizes=\"(max-width: 600px) 100vw, 600px\" \/>\t\t\t\t\t\t\t\t\t\t\t\t\t\t\t<\/div>\n\t\t\t\t<div class=\"elementor-element elementor-element-50d8dc1 elementor-align-center elementor-mobile-align-justify elementor-invisible elementor-widget elementor-widget-button\" data-id=\"50d8dc1\" data-element_type=\"widget\" data-e-type=\"widget\" data-settings=\"{&quot;_animation&quot;:&quot;fadeIn&quot;,&quot;_animation_delay&quot;:400}\" data-widget_type=\"button.default\">\n\t\t\t\t\t\t\t\t\t\t<a class=\"elementor-button elementor-button-link elementor-size-md\" href=\"https:\/\/syntony-gnss.com\/fr\/produits\/gnss-receiver-softspot\">\n\t\t\t\t\t\t<span class=\"elementor-button-content-wrapper\">\n\t\t\t\t\t\t\t\t\t<span class=\"elementor-button-text\">En savoir plus sur SoftSpot<\/span>\n\t\t\t\t\t<\/span>\n\t\t\t\t\t<\/a>\n\t\t\t\t\t\t\t\t<\/div>\n\t\t\t\t<\/div>\n\t\t<div class=\"elementor-element elementor-element-4a68f9e e-con-full e-flex e-con e-child\" data-id=\"4a68f9e\" data-element_type=\"container\" data-e-type=\"container\" data-settings=\"{&quot;jet_parallax_layout_list&quot;:[]}\">\n\t\t\t\t<div class=\"elementor-element elementor-element-fa47098 elementor-widget elementor-widget-text-editor\" data-id=\"fa47098\" data-element_type=\"widget\" data-e-type=\"widget\" data-widget_type=\"text-editor.default\">\n\t\t\t\t\t\t\t\t\t<h2><span style=\"color: #201a3e;\">R\u00e9cepteur GNSS en nuage \u00e0 faible consommation<\/span> <span style=\"color: #f6a033;\">SoftSpot<\/span><span style=\"color: #201a3e;\">\u2122 pour l&rsquo;IoT<\/span><\/h2>\n\t\t\t\t\t\t\t\t<\/div>\n\t\t\t\t<div class=\"elementor-element elementor-element-f945ea4 elementor-widget elementor-widget-image\" data-id=\"f945ea4\" data-element_type=\"widget\" data-e-type=\"widget\" data-widget_type=\"image.default\">\n\t\t\t\t\t\t\t\t\t\t\t\t\t\t\t<img decoding=\"async\" width=\"600\" height=\"400\" src=\"https:\/\/syntony-gnss.com\/wp-content\/uploads\/2022\/11\/Website_DISPLAY_SoftSpot-IoT.png\" class=\"attachment-large size-large wp-image-12601\" alt=\"Vue du tracker SofSpot IoT et de la tablette utilis\u00e9e pour le localiser\" srcset=\"https:\/\/syntony-gnss.com\/wp-content\/uploads\/2022\/11\/Website_DISPLAY_SoftSpot-IoT.png 600w, https:\/\/syntony-gnss.com\/wp-content\/uploads\/2022\/11\/Website_DISPLAY_SoftSpot-IoT-300x200.png 300w\" sizes=\"(max-width: 600px) 100vw, 600px\" \/>\t\t\t\t\t\t\t\t\t\t\t\t\t\t\t<\/div>\n\t\t\t\t<div class=\"elementor-element elementor-element-dedc07f elementor-align-center elementor-mobile-align-justify elementor-invisible elementor-widget elementor-widget-button\" data-id=\"dedc07f\" data-element_type=\"widget\" data-e-type=\"widget\" data-settings=\"{&quot;_animation&quot;:&quot;fadeIn&quot;,&quot;_animation_delay&quot;:400}\" data-widget_type=\"button.default\">\n\t\t\t\t\t\t\t\t\t\t<a class=\"elementor-button elementor-button-link elementor-size-md\" href=\"https:\/\/syntony-gnss.com\/fr\/produits\/gnss-receiver-for-iot-softspot-iot\">\n\t\t\t\t\t\t<span class=\"elementor-button-content-wrapper\">\n\t\t\t\t\t\t\t\t\t<span class=\"elementor-button-text\">En savoir plus sur SoftSpot IoT<\/span>\n\t\t\t\t\t<\/span>\n\t\t\t\t\t<\/a>\n\t\t\t\t\t\t\t\t<\/div>\n\t\t\t\t<\/div>\n\t\t\t\t\t<\/div>\n\t\t\t\t<\/div>\n\t\t\t\t<\/div>\n\t\t","protected":false},"excerpt":{"rendered":"<p>Informations sur les r\u00e9cepteurs GNSS R\u00e9cepteur GNSS haut de gamme SoftSpot\u2122 En savoir plus sur SoftSpot R\u00e9cepteur GNSS en nuage \u00e0 faible consommation SoftSpot\u2122 pour l&rsquo;IoT En savoir plus sur SoftSpot IoT<\/p>\n","protected":false},"author":4,"featured_media":0,"parent":0,"menu_order":0,"comment_status":"closed","ping_status":"closed","template":"","meta":{"footnotes":""},"class_list":["post-9552","page","type-page","status-publish","hentry"],"yoast_head":"<!-- This site is optimized with the Yoast SEO plugin v27.4 - https:\/\/yoast.com\/product\/yoast-seo-wordpress\/ -->\n<title>Informations sur les r\u00e9cepteurs GNSS - Syntony<\/title>\n<meta name=\"robots\" content=\"index, follow, max-snippet:-1, max-image-preview:large, max-video-preview:-1\" \/>\n<link rel=\"canonical\" href=\"https:\/\/syntony-gnss.com\/fr\/informations-sur-les-recepteurs-gnss\" \/>\n<meta property=\"og:locale\" content=\"fr_FR\" \/>\n<meta property=\"og:type\" content=\"article\" \/>\n<meta property=\"og:title\" content=\"Informations sur les r\u00e9cepteurs GNSS - Syntony\" \/>\n<meta property=\"og:description\" content=\"Informations sur les r\u00e9cepteurs GNSS R\u00e9cepteur GNSS haut de gamme SoftSpot\u2122 En savoir plus sur SoftSpot R\u00e9cepteur GNSS en nuage \u00e0 faible consommation SoftSpot\u2122 pour l&rsquo;IoT En savoir plus sur SoftSpot IoT\" \/>\n<meta property=\"og:url\" content=\"https:\/\/syntony-gnss.com\/fr\/informations-sur-les-recepteurs-gnss\" \/>\n<meta property=\"og:site_name\" content=\"Syntony\" \/>\n<meta property=\"article:publisher\" content=\"https:\/\/www.facebook.com\/SyntonyGNSS\/\" \/>\n<meta property=\"article:modified_time\" content=\"2023-08-11T13:48:16+00:00\" \/>\n<meta property=\"og:image\" content=\"https:\/\/syntony-gnss.com\/wp-content\/uploads\/2022\/05\/GNSS-receiver_SoftSpot.webp\" \/>\n<meta name=\"twitter:card\" content=\"summary_large_image\" \/>\n<meta name=\"twitter:site\" content=\"@syntony_gnss\" \/>\n<script type=\"application\/ld+json\" class=\"yoast-schema-graph\">{\"@context\":\"https:\\\/\\\/schema.org\",\"@graph\":[{\"@type\":\"WebPage\",\"@id\":\"https:\\\/\\\/syntony-gnss.com\\\/fr\\\/informations-sur-les-recepteurs-gnss\",\"url\":\"https:\\\/\\\/syntony-gnss.com\\\/fr\\\/informations-sur-les-recepteurs-gnss\",\"name\":\"Informations sur les r\u00e9cepteurs GNSS - Syntony\",\"isPartOf\":{\"@id\":\"https:\\\/\\\/syntony-gnss.com\\\/fr#website\"},\"primaryImageOfPage\":{\"@id\":\"https:\\\/\\\/syntony-gnss.com\\\/fr\\\/informations-sur-les-recepteurs-gnss#primaryimage\"},\"image\":{\"@id\":\"https:\\\/\\\/syntony-gnss.com\\\/fr\\\/informations-sur-les-recepteurs-gnss#primaryimage\"},\"thumbnailUrl\":\"https:\\\/\\\/syntony-gnss.com\\\/wp-content\\\/uploads\\\/2022\\\/05\\\/GNSS-receiver_SoftSpot.webp\",\"datePublished\":\"2022-07-04T09:19:56+00:00\",\"dateModified\":\"2023-08-11T13:48:16+00:00\",\"breadcrumb\":{\"@id\":\"https:\\\/\\\/syntony-gnss.com\\\/fr\\\/informations-sur-les-recepteurs-gnss#breadcrumb\"},\"inLanguage\":\"fr-FR\",\"potentialAction\":[{\"@type\":\"ReadAction\",\"target\":[\"https:\\\/\\\/syntony-gnss.com\\\/fr\\\/informations-sur-les-recepteurs-gnss\"]}]},{\"@type\":\"ImageObject\",\"inLanguage\":\"fr-FR\",\"@id\":\"https:\\\/\\\/syntony-gnss.com\\\/fr\\\/informations-sur-les-recepteurs-gnss#primaryimage\",\"url\":\"https:\\\/\\\/syntony-gnss.com\\\/wp-content\\\/uploads\\\/2022\\\/05\\\/GNSS-receiver_SoftSpot.webp\",\"contentUrl\":\"https:\\\/\\\/syntony-gnss.com\\\/wp-content\\\/uploads\\\/2022\\\/05\\\/GNSS-receiver_SoftSpot.webp\"},{\"@type\":\"BreadcrumbList\",\"@id\":\"https:\\\/\\\/syntony-gnss.com\\\/fr\\\/informations-sur-les-recepteurs-gnss#breadcrumb\",\"itemListElement\":[{\"@type\":\"ListItem\",\"position\":1,\"name\":\"Accueil\",\"item\":\"https:\\\/\\\/syntony-gnss.com\\\/fr\"},{\"@type\":\"ListItem\",\"position\":2,\"name\":\"Informations sur les r\u00e9cepteurs GNSS\"}]},{\"@type\":\"WebSite\",\"@id\":\"https:\\\/\\\/syntony-gnss.com\\\/fr#website\",\"url\":\"https:\\\/\\\/syntony-gnss.com\\\/fr\",\"name\":\"Syntony\",\"description\":\"Shaping the future of navigation\",\"publisher\":{\"@id\":\"https:\\\/\\\/syntony-gnss.com\\\/fr#organization\"},\"potentialAction\":[{\"@type\":\"SearchAction\",\"target\":{\"@type\":\"EntryPoint\",\"urlTemplate\":\"https:\\\/\\\/syntony-gnss.com\\\/fr?s={search_term_string}\"},\"query-input\":{\"@type\":\"PropertyValueSpecification\",\"valueRequired\":true,\"valueName\":\"search_term_string\"}}],\"inLanguage\":\"fr-FR\"},{\"@type\":\"Organization\",\"@id\":\"https:\\\/\\\/syntony-gnss.com\\\/fr#organization\",\"name\":\"Syntony\",\"url\":\"https:\\\/\\\/syntony-gnss.com\\\/fr\",\"logo\":{\"@type\":\"ImageObject\",\"inLanguage\":\"fr-FR\",\"@id\":\"https:\\\/\\\/syntony-gnss.com\\\/fr#\\\/schema\\\/logo\\\/image\\\/\",\"url\":\"https:\\\/\\\/syntony-gnss.com\\\/wp-content\\\/uploads\\\/2022\\\/07\\\/Logo_Syntony_couleur_Encours-01.svg\",\"contentUrl\":\"https:\\\/\\\/syntony-gnss.com\\\/wp-content\\\/uploads\\\/2022\\\/07\\\/Logo_Syntony_couleur_Encours-01.svg\",\"width\":191.99,\"height\":139.49,\"caption\":\"Syntony\"},\"image\":{\"@id\":\"https:\\\/\\\/syntony-gnss.com\\\/fr#\\\/schema\\\/logo\\\/image\\\/\"},\"sameAs\":[\"https:\\\/\\\/www.facebook.com\\\/SyntonyGNSS\\\/\",\"https:\\\/\\\/x.com\\\/syntony_gnss\",\"https:\\\/\\\/www.youtube.com\\\/channel\\\/UCHnOwENvOehAjwFiy0Qd3Ww\",\"https:\\\/\\\/www.linkedin.com\\\/company\\\/syntony-gnss\\\/?originalSubdomain=fr\"]}]}<\/script>\n<!-- \/ Yoast SEO plugin. -->","yoast_head_json":{"title":"Informations sur les r\u00e9cepteurs GNSS - Syntony","robots":{"index":"index","follow":"follow","max-snippet":"max-snippet:-1","max-image-preview":"max-image-preview:large","max-video-preview":"max-video-preview:-1"},"canonical":"https:\/\/syntony-gnss.com\/fr\/informations-sur-les-recepteurs-gnss","og_locale":"fr_FR","og_type":"article","og_title":"Informations sur les r\u00e9cepteurs GNSS - Syntony","og_description":"Informations sur les r\u00e9cepteurs GNSS R\u00e9cepteur GNSS haut de gamme SoftSpot\u2122 En savoir plus sur SoftSpot R\u00e9cepteur GNSS en nuage \u00e0 faible consommation SoftSpot\u2122 pour l&rsquo;IoT En savoir plus sur SoftSpot IoT","og_url":"https:\/\/syntony-gnss.com\/fr\/informations-sur-les-recepteurs-gnss","og_site_name":"Syntony","article_publisher":"https:\/\/www.facebook.com\/SyntonyGNSS\/","article_modified_time":"2023-08-11T13:48:16+00:00","og_image":[{"url":"https:\/\/syntony-gnss.com\/wp-content\/uploads\/2022\/05\/GNSS-receiver_SoftSpot.webp","type":"","width":"","height":""}],"twitter_card":"summary_large_image","twitter_site":"@syntony_gnss","schema":{"@context":"https:\/\/schema.org","@graph":[{"@type":"WebPage","@id":"https:\/\/syntony-gnss.com\/fr\/informations-sur-les-recepteurs-gnss","url":"https:\/\/syntony-gnss.com\/fr\/informations-sur-les-recepteurs-gnss","name":"Informations sur les r\u00e9cepteurs GNSS - Syntony","isPartOf":{"@id":"https:\/\/syntony-gnss.com\/fr#website"},"primaryImageOfPage":{"@id":"https:\/\/syntony-gnss.com\/fr\/informations-sur-les-recepteurs-gnss#primaryimage"},"image":{"@id":"https:\/\/syntony-gnss.com\/fr\/informations-sur-les-recepteurs-gnss#primaryimage"},"thumbnailUrl":"https:\/\/syntony-gnss.com\/wp-content\/uploads\/2022\/05\/GNSS-receiver_SoftSpot.webp","datePublished":"2022-07-04T09:19:56+00:00","dateModified":"2023-08-11T13:48:16+00:00","breadcrumb":{"@id":"https:\/\/syntony-gnss.com\/fr\/informations-sur-les-recepteurs-gnss#breadcrumb"},"inLanguage":"fr-FR","potentialAction":[{"@type":"ReadAction","target":["https:\/\/syntony-gnss.com\/fr\/informations-sur-les-recepteurs-gnss"]}]},{"@type":"ImageObject","inLanguage":"fr-FR","@id":"https:\/\/syntony-gnss.com\/fr\/informations-sur-les-recepteurs-gnss#primaryimage","url":"https:\/\/syntony-gnss.com\/wp-content\/uploads\/2022\/05\/GNSS-receiver_SoftSpot.webp","contentUrl":"https:\/\/syntony-gnss.com\/wp-content\/uploads\/2022\/05\/GNSS-receiver_SoftSpot.webp"},{"@type":"BreadcrumbList","@id":"https:\/\/syntony-gnss.com\/fr\/informations-sur-les-recepteurs-gnss#breadcrumb","itemListElement":[{"@type":"ListItem","position":1,"name":"Accueil","item":"https:\/\/syntony-gnss.com\/fr"},{"@type":"ListItem","position":2,"name":"Informations sur les r\u00e9cepteurs GNSS"}]},{"@type":"WebSite","@id":"https:\/\/syntony-gnss.com\/fr#website","url":"https:\/\/syntony-gnss.com\/fr","name":"Syntony","description":"Shaping the future of navigation","publisher":{"@id":"https:\/\/syntony-gnss.com\/fr#organization"},"potentialAction":[{"@type":"SearchAction","target":{"@type":"EntryPoint","urlTemplate":"https:\/\/syntony-gnss.com\/fr?s={search_term_string}"},"query-input":{"@type":"PropertyValueSpecification","valueRequired":true,"valueName":"search_term_string"}}],"inLanguage":"fr-FR"},{"@type":"Organization","@id":"https:\/\/syntony-gnss.com\/fr#organization","name":"Syntony","url":"https:\/\/syntony-gnss.com\/fr","logo":{"@type":"ImageObject","inLanguage":"fr-FR","@id":"https:\/\/syntony-gnss.com\/fr#\/schema\/logo\/image\/","url":"https:\/\/syntony-gnss.com\/wp-content\/uploads\/2022\/07\/Logo_Syntony_couleur_Encours-01.svg","contentUrl":"https:\/\/syntony-gnss.com\/wp-content\/uploads\/2022\/07\/Logo_Syntony_couleur_Encours-01.svg","width":191.99,"height":139.49,"caption":"Syntony"},"image":{"@id":"https:\/\/syntony-gnss.com\/fr#\/schema\/logo\/image\/"},"sameAs":["https:\/\/www.facebook.com\/SyntonyGNSS\/","https:\/\/x.com\/syntony_gnss","https:\/\/www.youtube.com\/channel\/UCHnOwENvOehAjwFiy0Qd3Ww","https:\/\/www.linkedin.com\/company\/syntony-gnss\/?originalSubdomain=fr"]}]}},"_links":{"self":[{"href":"https:\/\/syntony-gnss.com\/fr\/wp-json\/wp\/v2\/pages\/9552","targetHints":{"allow":["GET"]}}],"collection":[{"href":"https:\/\/syntony-gnss.com\/fr\/wp-json\/wp\/v2\/pages"}],"about":[{"href":"https:\/\/syntony-gnss.com\/fr\/wp-json\/wp\/v2\/types\/page"}],"author":[{"embeddable":true,"href":"https:\/\/syntony-gnss.com\/fr\/wp-json\/wp\/v2\/users\/4"}],"replies":[{"embeddable":true,"href":"https:\/\/syntony-gnss.com\/fr\/wp-json\/wp\/v2\/comments?post=9552"}],"version-history":[{"count":0,"href":"https:\/\/syntony-gnss.com\/fr\/wp-json\/wp\/v2\/pages\/9552\/revisions"}],"wp:attachment":[{"href":"https:\/\/syntony-gnss.com\/fr\/wp-json\/wp\/v2\/media?parent=9552"}],"curies":[{"name":"wp","href":"https:\/\/api.w.org\/{rel}","templated":true}]}}