{"id":9612,"date":"2022-06-10T15:10:38","date_gmt":"2022-06-10T13:10:38","guid":{"rendered":"https:\/\/syntony-gnss.com\/copyright"},"modified":"2022-07-19T10:08:04","modified_gmt":"2022-07-19T08:08:04","slug":"copyright","status":"publish","type":"page","link":"https:\/\/syntony-gnss.com\/fr\/copyright","title":{"rendered":"Copyright"},"content":{"rendered":"\t\t<div data-elementor-type=\"wp-page\" data-elementor-id=\"9612\" class=\"elementor elementor-9612 elementor-8144\" data-elementor-post-type=\"page\">\n\t\t\t\t\t\t<section class=\"elementor-section elementor-top-section elementor-element elementor-element-c3ba58a elementor-section-boxed elementor-section-height-default elementor-section-height-default\" data-id=\"c3ba58a\" data-element_type=\"section\" data-e-type=\"section\" data-settings=\"{&quot;jet_parallax_layout_list&quot;:[],&quot;background_background&quot;:&quot;classic&quot;}\">\n\t\t\t\t\t\t<div class=\"elementor-container elementor-column-gap-wide\">\n\t\t\t\t\t<div class=\"elementor-column elementor-col-100 elementor-top-column elementor-element elementor-element-8f31294\" data-id=\"8f31294\" data-element_type=\"column\" data-e-type=\"column\">\n\t\t\t<div class=\"elementor-widget-wrap elementor-element-populated\">\n\t\t\t\t\t\t<section class=\"elementor-section elementor-inner-section elementor-element elementor-element-1d32aea elementor-section-boxed elementor-section-height-default elementor-section-height-default\" data-id=\"1d32aea\" data-element_type=\"section\" data-e-type=\"section\" data-settings=\"{&quot;jet_parallax_layout_list&quot;:[]}\">\n\t\t\t\t\t\t<div class=\"elementor-container elementor-column-gap-default\">\n\t\t\t\t\t<div class=\"elementor-column elementor-col-100 elementor-inner-column elementor-element elementor-element-da8a269\" data-id=\"da8a269\" data-element_type=\"column\" data-e-type=\"column\">\n\t\t\t<div class=\"elementor-widget-wrap elementor-element-populated\">\n\t\t\t\t\t\t<div class=\"elementor-element elementor-element-faa9087 animated-slow elementor-invisible elementor-widget elementor-widget-heading\" data-id=\"faa9087\" data-element_type=\"widget\" data-e-type=\"widget\" data-settings=\"{&quot;_animation&quot;:&quot;fadeIn&quot;}\" data-widget_type=\"heading.default\">\n\t\t\t\t\t<h1 class=\"elementor-heading-title elementor-size-default\">Copyright<\/h1>\t\t\t\t<\/div>\n\t\t\t\t\t<\/div>\n\t\t<\/div>\n\t\t\t\t\t<\/div>\n\t\t<\/section>\n\t\t\t\t\t<\/div>\n\t\t<\/div>\n\t\t\t\t\t<\/div>\n\t\t<\/section>\n\t\t\t\t<section class=\"elementor-section elementor-top-section elementor-element elementor-element-6e01ee7 elementor-section-content-middle elementor-section-boxed elementor-section-height-default elementor-section-height-default\" data-id=\"6e01ee7\" data-element_type=\"section\" data-e-type=\"section\" data-settings=\"{&quot;jet_parallax_layout_list&quot;:[],&quot;background_background&quot;:&quot;classic&quot;}\">\n\t\t\t\t\t\t<div class=\"elementor-container elementor-column-gap-wide\">\n\t\t\t\t\t<div class=\"elementor-column elementor-col-100 elementor-top-column elementor-element elementor-element-6c1fab5 animated-slow\" data-id=\"6c1fab5\" data-element_type=\"column\" data-e-type=\"column\" data-settings=\"{&quot;animation&quot;:&quot;none&quot;}\">\n\t\t\t<div class=\"elementor-widget-wrap elementor-element-populated\">\n\t\t\t\t\t\t<div class=\"elementor-element elementor-element-28ad8ed elementor-widget elementor-widget-text-editor\" data-id=\"28ad8ed\" data-element_type=\"widget\" data-e-type=\"widget\" data-widget_type=\"text-editor.default\">\n\t\t\t\t\t\t\t\t\t<div><div><div><h2>Droits d&rsquo;auteur et propri\u00e9t\u00e9 intellectuelle<\/h2><p>Syntony est le propri\u00e9taire du nom de domaine http:\/\/www.syntony-gnss.com. Le site internet et tous ses \u00e9l\u00e9ments constitutifs sont des oeuvres intellectuelles prot\u00e9g\u00e9es par les articles L.111-1 et suivants du Code de la propri\u00e9t\u00e9 intellectuelle. Le Site et tous ses \u00e9l\u00e9ments constitutifs sont la propri\u00e9t\u00e9 exclusive de SYNTONY, seule habilit\u00e9e \u00e0 utiliser les droits de propri\u00e9t\u00e9 intellectuelle et droits \u00e0 l&rsquo;image, notamment les marques, enseignes, images et droits d&rsquo;auteur.<\/p><p><span style=\"color: var( --e-global-color-556f2dc ); background-color: var( --e-global-color-text ); font-size: 1em; letter-spacing: 0px;\">L&rsquo;utilisation de tout ou partie du Site, et notamment par t\u00e9l\u00e9chargement, copie et reproduction, transmission ou diffusion, pour toute autre raison qu&rsquo;un usage priv\u00e9 ou personnel \u00e0 des fins non commerciales de l&rsquo;utilisateur est strictement interdite.<\/span><\/p><p>La violation de ces prescriptions est passible pour son auteur des sanctions pr\u00e9vues par le Code de la propri\u00e9t\u00e9 intellectuelle fran\u00e7ais et notamment celles relatives \u00e0 la contrefa\u00e7on de droit d&rsquo;auteur (art. L335-3), aux marques (art. L.716-9) que celles pr\u00e9vues par le Code de la responsabilit\u00e9 civile fran\u00e7ais (art. 1382).<\/p><p> <\/p><h2> <\/h2><h2>Donn\u00e9es personnelles<\/h2><p>SYNTONY est le seul destinataire des donn\u00e9es personnelles collect\u00e9es sur le Site. Les donn\u00e9es personnelles ne seront pas communiqu\u00e9es \u00e0 des tiers.<\/p><p> <\/p><h2><span style=\"background-color: var( --e-global-color-text );\">Publication<\/span><\/h2><p>contact@syntony-gnss.com<\/p><p> <\/p><h2>Conception, r\u00e9alisation et int\u00e9gration du site, support technique :<\/h2><p>L\u00e9a Rabatel, <a style=\"letter-spacing: 0px;\" href=\"http:\/\/learabatel.fr\" target=\"_blank\" rel=\"noopener\">webdesigner Toulouse<\/a><\/p><p> <\/p><h2>H\u00e9bergement du site<\/h2><p>OVH<br><span style=\"color: var( --e-global-color-556f2dc ); background-color: var( --e-global-color-text ); font-size: 1em; letter-spacing: 0px;\">contact[@]ovh.com<br><\/span><span style=\"color: var( --e-global-color-556f2dc ); background-color: var( --e-global-color-text ); font-size: 1em; letter-spacing: 0px;\">https:\/\/www.ovh.com<\/span><\/p><p> <\/p><p><span style=\"color: #1f53e9;\"><span style=\"font-size: 25px;\"><b>G\u00e9n\u00e9rique de la bande-annonce de SubWave 3D<\/b><\/span><\/span><\/p><p>Sc\u00e9nario, programmation et r\u00e9alisation par Digital Blend<br><span style=\"color: var( --e-global-color-556f2dc ); background-color: var( --e-global-color-text ); font-size: 1em; letter-spacing: 0px;\">https:\/\/www.digitalblend.fr<br><\/span><span style=\"background-color: var( --e-global-color-text ); color: var( --e-global-color-556f2dc ); font-size: 1em; letter-spacing: 0px;\">Musique par Nat Sordi<br><\/span><span style=\"background-color: var( --e-global-color-text ); color: var( --e-global-color-556f2dc ); font-size: 1em; letter-spacing: 0px;\">https:\/\/www.natsordi.com<br><\/span><span style=\"color: var( --e-global-color-556f2dc ); background-color: var( --e-global-color-text ); font-size: 1em; letter-spacing: 0px;\">Tel : +33 (0) 643 15 54 10<\/span><\/p><p><span style=\"color: var( --e-global-color-556f2dc ); background-color: var( --e-global-color-text ); font-size: 1em; letter-spacing: 0px;\"> <\/span><\/p><p><span style=\"color: #1f53e9;\"><span style=\"font-size: 25px;\"><b>Cr\u00e9dits photos et illustrations<\/b><\/span><\/span><\/p><p>Les images de ce site sont la propri\u00e9t\u00e9 de Syntony GNSS et ne peuvent \u00eatre reproduites sans autorisation. Leur conception n\u00e9cessite parfois l&rsquo;utilisation d&rsquo;images fournies par des tiers.  <br>Lorsque c&rsquo;est le cas, les images sont utilis\u00e9es sous les licences suivantes :<br><span style=\"background-color: var( --e-global-color-text ); color: var( --e-global-color-556f2dc ); font-size: 1em; letter-spacing: 0px;\">shutterstock.com ; stock.adobe.com ; pixabay.com ; pexels.com<\/span><\/p><p> <\/p><\/div><\/div><\/div>\t\t\t\t\t\t\t\t<\/div>\n\t\t\t\t\t<\/div>\n\t\t<\/div>\n\t\t\t\t\t<\/div>\n\t\t<\/section>\n\t\t\t\t<\/div>\n\t\t","protected":false},"excerpt":{"rendered":"<p>Copyright Droits d&rsquo;auteur et propri\u00e9t\u00e9 intellectuelle Syntony est le propri\u00e9taire du nom de domaine http:\/\/www.syntony-gnss.com. Le site internet et tous ses \u00e9l\u00e9ments constitutifs sont des oeuvres intellectuelles prot\u00e9g\u00e9es par les articles L.111-1 et suivants du Code de la propri\u00e9t\u00e9 intellectuelle. Le Site et tous ses \u00e9l\u00e9ments constitutifs sont la propri\u00e9t\u00e9 exclusive de SYNTONY, seule habilit\u00e9e [&hellip;]<\/p>\n","protected":false},"author":3,"featured_media":0,"parent":0,"menu_order":0,"comment_status":"closed","ping_status":"closed","template":"","meta":{"footnotes":""},"class_list":["post-9612","page","type-page","status-publish","hentry"],"yoast_head":"<!-- This site is optimized with the Yoast SEO plugin v27.4 - https:\/\/yoast.com\/product\/yoast-seo-wordpress\/ -->\n<title>Copyright - Syntony<\/title>\n<meta name=\"robots\" content=\"index, follow, max-snippet:-1, max-image-preview:large, max-video-preview:-1\" \/>\n<link rel=\"canonical\" href=\"https:\/\/syntony-gnss.com\/fr\/copyright\" \/>\n<meta property=\"og:locale\" content=\"fr_FR\" \/>\n<meta property=\"og:type\" content=\"article\" \/>\n<meta property=\"og:title\" content=\"Copyright - Syntony\" \/>\n<meta property=\"og:description\" content=\"Copyright Droits d&rsquo;auteur et propri\u00e9t\u00e9 intellectuelle Syntony est le propri\u00e9taire du nom de domaine http:\/\/www.syntony-gnss.com. Le site internet et tous ses \u00e9l\u00e9ments constitutifs sont des oeuvres intellectuelles prot\u00e9g\u00e9es par les articles L.111-1 et suivants du Code de la propri\u00e9t\u00e9 intellectuelle. Le Site et tous ses \u00e9l\u00e9ments constitutifs sont la propri\u00e9t\u00e9 exclusive de SYNTONY, seule habilit\u00e9e [&hellip;]\" \/>\n<meta property=\"og:url\" content=\"https:\/\/syntony-gnss.com\/fr\/copyright\" \/>\n<meta property=\"og:site_name\" content=\"Syntony\" \/>\n<meta property=\"article:publisher\" content=\"https:\/\/www.facebook.com\/SyntonyGNSS\/\" \/>\n<meta property=\"article:modified_time\" content=\"2022-07-19T08:08:04+00:00\" \/>\n<meta property=\"og:image\" content=\"https:\/\/syntony-gnss.com\/wp-content\/uploads\/2022\/07\/Mockup-header.webp\" \/>\n\t<meta property=\"og:image:width\" content=\"1440\" \/>\n\t<meta property=\"og:image:height\" content=\"900\" \/>\n\t<meta property=\"og:image:type\" content=\"image\/webp\" \/>\n<meta name=\"twitter:card\" content=\"summary_large_image\" \/>\n<meta name=\"twitter:site\" content=\"@syntony_gnss\" \/>\n<meta name=\"twitter:label1\" content=\"Dur\u00e9e de lecture estim\u00e9e\" \/>\n\t<meta name=\"twitter:data1\" content=\"2 minutes\" \/>\n<script type=\"application\/ld+json\" class=\"yoast-schema-graph\">{\"@context\":\"https:\\\/\\\/schema.org\",\"@graph\":[{\"@type\":\"WebPage\",\"@id\":\"https:\\\/\\\/syntony-gnss.com\\\/fr\\\/copyright\",\"url\":\"https:\\\/\\\/syntony-gnss.com\\\/fr\\\/copyright\",\"name\":\"Copyright - Syntony\",\"isPartOf\":{\"@id\":\"https:\\\/\\\/syntony-gnss.com\\\/fr#website\"},\"datePublished\":\"2022-06-10T13:10:38+00:00\",\"dateModified\":\"2022-07-19T08:08:04+00:00\",\"breadcrumb\":{\"@id\":\"https:\\\/\\\/syntony-gnss.com\\\/fr\\\/copyright#breadcrumb\"},\"inLanguage\":\"fr-FR\",\"potentialAction\":[{\"@type\":\"ReadAction\",\"target\":[\"https:\\\/\\\/syntony-gnss.com\\\/fr\\\/copyright\"]}]},{\"@type\":\"BreadcrumbList\",\"@id\":\"https:\\\/\\\/syntony-gnss.com\\\/fr\\\/copyright#breadcrumb\",\"itemListElement\":[{\"@type\":\"ListItem\",\"position\":1,\"name\":\"Accueil\",\"item\":\"https:\\\/\\\/syntony-gnss.com\\\/fr\"},{\"@type\":\"ListItem\",\"position\":2,\"name\":\"Copyright\"}]},{\"@type\":\"WebSite\",\"@id\":\"https:\\\/\\\/syntony-gnss.com\\\/fr#website\",\"url\":\"https:\\\/\\\/syntony-gnss.com\\\/fr\",\"name\":\"Syntony\",\"description\":\"Shaping the future of navigation\",\"publisher\":{\"@id\":\"https:\\\/\\\/syntony-gnss.com\\\/fr#organization\"},\"potentialAction\":[{\"@type\":\"SearchAction\",\"target\":{\"@type\":\"EntryPoint\",\"urlTemplate\":\"https:\\\/\\\/syntony-gnss.com\\\/fr?s={search_term_string}\"},\"query-input\":{\"@type\":\"PropertyValueSpecification\",\"valueRequired\":true,\"valueName\":\"search_term_string\"}}],\"inLanguage\":\"fr-FR\"},{\"@type\":\"Organization\",\"@id\":\"https:\\\/\\\/syntony-gnss.com\\\/fr#organization\",\"name\":\"Syntony\",\"url\":\"https:\\\/\\\/syntony-gnss.com\\\/fr\",\"logo\":{\"@type\":\"ImageObject\",\"inLanguage\":\"fr-FR\",\"@id\":\"https:\\\/\\\/syntony-gnss.com\\\/fr#\\\/schema\\\/logo\\\/image\\\/\",\"url\":\"https:\\\/\\\/syntony-gnss.com\\\/wp-content\\\/uploads\\\/2022\\\/07\\\/Logo_Syntony_couleur_Encours-01.svg\",\"contentUrl\":\"https:\\\/\\\/syntony-gnss.com\\\/wp-content\\\/uploads\\\/2022\\\/07\\\/Logo_Syntony_couleur_Encours-01.svg\",\"width\":191.99,\"height\":139.49,\"caption\":\"Syntony\"},\"image\":{\"@id\":\"https:\\\/\\\/syntony-gnss.com\\\/fr#\\\/schema\\\/logo\\\/image\\\/\"},\"sameAs\":[\"https:\\\/\\\/www.facebook.com\\\/SyntonyGNSS\\\/\",\"https:\\\/\\\/x.com\\\/syntony_gnss\",\"https:\\\/\\\/www.youtube.com\\\/channel\\\/UCHnOwENvOehAjwFiy0Qd3Ww\",\"https:\\\/\\\/www.linkedin.com\\\/company\\\/syntony-gnss\\\/?originalSubdomain=fr\"]}]}<\/script>\n<!-- \/ Yoast SEO plugin. -->","yoast_head_json":{"title":"Copyright - Syntony","robots":{"index":"index","follow":"follow","max-snippet":"max-snippet:-1","max-image-preview":"max-image-preview:large","max-video-preview":"max-video-preview:-1"},"canonical":"https:\/\/syntony-gnss.com\/fr\/copyright","og_locale":"fr_FR","og_type":"article","og_title":"Copyright - Syntony","og_description":"Copyright Droits d&rsquo;auteur et propri\u00e9t\u00e9 intellectuelle Syntony est le propri\u00e9taire du nom de domaine http:\/\/www.syntony-gnss.com. Le site internet et tous ses \u00e9l\u00e9ments constitutifs sont des oeuvres intellectuelles prot\u00e9g\u00e9es par les articles L.111-1 et suivants du Code de la propri\u00e9t\u00e9 intellectuelle. Le Site et tous ses \u00e9l\u00e9ments constitutifs sont la propri\u00e9t\u00e9 exclusive de SYNTONY, seule habilit\u00e9e [&hellip;]","og_url":"https:\/\/syntony-gnss.com\/fr\/copyright","og_site_name":"Syntony","article_publisher":"https:\/\/www.facebook.com\/SyntonyGNSS\/","article_modified_time":"2022-07-19T08:08:04+00:00","og_image":[{"width":1440,"height":900,"url":"https:\/\/syntony-gnss.com\/wp-content\/uploads\/2022\/07\/Mockup-header.webp","type":"image\/webp"}],"twitter_card":"summary_large_image","twitter_site":"@syntony_gnss","twitter_misc":{"Dur\u00e9e de lecture estim\u00e9e":"2 minutes"},"schema":{"@context":"https:\/\/schema.org","@graph":[{"@type":"WebPage","@id":"https:\/\/syntony-gnss.com\/fr\/copyright","url":"https:\/\/syntony-gnss.com\/fr\/copyright","name":"Copyright - Syntony","isPartOf":{"@id":"https:\/\/syntony-gnss.com\/fr#website"},"datePublished":"2022-06-10T13:10:38+00:00","dateModified":"2022-07-19T08:08:04+00:00","breadcrumb":{"@id":"https:\/\/syntony-gnss.com\/fr\/copyright#breadcrumb"},"inLanguage":"fr-FR","potentialAction":[{"@type":"ReadAction","target":["https:\/\/syntony-gnss.com\/fr\/copyright"]}]},{"@type":"BreadcrumbList","@id":"https:\/\/syntony-gnss.com\/fr\/copyright#breadcrumb","itemListElement":[{"@type":"ListItem","position":1,"name":"Accueil","item":"https:\/\/syntony-gnss.com\/fr"},{"@type":"ListItem","position":2,"name":"Copyright"}]},{"@type":"WebSite","@id":"https:\/\/syntony-gnss.com\/fr#website","url":"https:\/\/syntony-gnss.com\/fr","name":"Syntony","description":"Shaping the future of navigation","publisher":{"@id":"https:\/\/syntony-gnss.com\/fr#organization"},"potentialAction":[{"@type":"SearchAction","target":{"@type":"EntryPoint","urlTemplate":"https:\/\/syntony-gnss.com\/fr?s={search_term_string}"},"query-input":{"@type":"PropertyValueSpecification","valueRequired":true,"valueName":"search_term_string"}}],"inLanguage":"fr-FR"},{"@type":"Organization","@id":"https:\/\/syntony-gnss.com\/fr#organization","name":"Syntony","url":"https:\/\/syntony-gnss.com\/fr","logo":{"@type":"ImageObject","inLanguage":"fr-FR","@id":"https:\/\/syntony-gnss.com\/fr#\/schema\/logo\/image\/","url":"https:\/\/syntony-gnss.com\/wp-content\/uploads\/2022\/07\/Logo_Syntony_couleur_Encours-01.svg","contentUrl":"https:\/\/syntony-gnss.com\/wp-content\/uploads\/2022\/07\/Logo_Syntony_couleur_Encours-01.svg","width":191.99,"height":139.49,"caption":"Syntony"},"image":{"@id":"https:\/\/syntony-gnss.com\/fr#\/schema\/logo\/image\/"},"sameAs":["https:\/\/www.facebook.com\/SyntonyGNSS\/","https:\/\/x.com\/syntony_gnss","https:\/\/www.youtube.com\/channel\/UCHnOwENvOehAjwFiy0Qd3Ww","https:\/\/www.linkedin.com\/company\/syntony-gnss\/?originalSubdomain=fr"]}]}},"_links":{"self":[{"href":"https:\/\/syntony-gnss.com\/fr\/wp-json\/wp\/v2\/pages\/9612","targetHints":{"allow":["GET"]}}],"collection":[{"href":"https:\/\/syntony-gnss.com\/fr\/wp-json\/wp\/v2\/pages"}],"about":[{"href":"https:\/\/syntony-gnss.com\/fr\/wp-json\/wp\/v2\/types\/page"}],"author":[{"embeddable":true,"href":"https:\/\/syntony-gnss.com\/fr\/wp-json\/wp\/v2\/users\/3"}],"replies":[{"embeddable":true,"href":"https:\/\/syntony-gnss.com\/fr\/wp-json\/wp\/v2\/comments?post=9612"}],"version-history":[{"count":0,"href":"https:\/\/syntony-gnss.com\/fr\/wp-json\/wp\/v2\/pages\/9612\/revisions"}],"wp:attachment":[{"href":"https:\/\/syntony-gnss.com\/fr\/wp-json\/wp\/v2\/media?parent=9612"}],"curies":[{"name":"wp","href":"https:\/\/api.w.org\/{rel}","templated":true}]}}